{"id":268,"date":"2025-08-06T00:00:46","date_gmt":"2025-08-06T00:00:46","guid":{"rendered":"https:\/\/nachzypernauswandern.com\/?page_id=268"},"modified":"2025-08-20T22:12:32","modified_gmt":"2025-08-20T22:12:32","slug":"trust-service","status":"publish","type":"page","link":"https:\/\/nachzypernauswandern.com\/de\/trust-service\/","title":{"rendered":"Vertrauensdienst"},"content":{"rendered":"<div data-elementor-type=\"wp-page\" data-elementor-id=\"268\" class=\"elementor elementor-268\">\n\t\t\t\t<div class=\"elementor-element elementor-element-b4d8c09 e-flex e-con-boxed wpr-particle-no wpr-jarallax-no wpr-parallax-no wpr-sticky-section-no e-con e-parent\" data-id=\"b4d8c09\" data-element_type=\"container\" data-e-type=\"container\" data-settings=\"{&quot;background_background&quot;:&quot;classic&quot;}\">\n\t\t\t\t\t<div class=\"e-con-inner\">\n\t\t\t\t<div class=\"elementor-element elementor-element-d3ac026 elementor-widget elementor-widget-spacer\" data-id=\"d3ac026\" data-element_type=\"widget\" data-e-type=\"widget\" data-widget_type=\"spacer.default\">\n\t\t\t\t\t\t\t<div class=\"elementor-spacer\">\n\t\t\t<div class=\"elementor-spacer-inner\"><\/div>\n\t\t<\/div>\n\t\t\t\t\t\t<\/div>\n\t\t\t\t<div class=\"elementor-element elementor-element-fe38a93 elementor-widget elementor-widget-heading\" data-id=\"fe38a93\" data-element_type=\"widget\" data-e-type=\"widget\" data-widget_type=\"heading.default\">\n\t\t\t\t\t<h2 class=\"elementor-heading-title elementor-size-default\">Zypern Limited Gr\u00fcndung und Verwaltung mit CMC.<\/h2>\t\t\t\t<\/div>\n\t\t\t\t<div class=\"elementor-element elementor-element-7532a4b elementor-widget elementor-widget-spacer\" data-id=\"7532a4b\" data-element_type=\"widget\" data-e-type=\"widget\" data-widget_type=\"spacer.default\">\n\t\t\t\t\t\t\t<div class=\"elementor-spacer\">\n\t\t\t<div class=\"elementor-spacer-inner\"><\/div>\n\t\t<\/div>\n\t\t\t\t\t\t<\/div>\n\t\t\t\t\t<\/div>\n\t\t\t\t<\/div>\n\t\t<div class=\"elementor-element elementor-element-a4e98d8 e-flex e-con-boxed wpr-particle-no wpr-jarallax-no wpr-parallax-no wpr-sticky-section-no e-con e-parent\" data-id=\"a4e98d8\" data-element_type=\"container\" data-e-type=\"container\">\n\t\t\t\t\t<div class=\"e-con-inner\">\n\t\t\t\t<div class=\"elementor-element elementor-element-9fe6a0f elementor-widget elementor-widget-text-editor\" data-id=\"9fe6a0f\" data-element_type=\"widget\" data-e-type=\"widget\" data-widget_type=\"text-editor.default\">\n\t\t\t\t\t\t\t\t\t<div class=\"con-kit-quark con-kit-quark-paragraph\" data-quark=\"block\" data-font-kit-type=\"l\" data-kit-align-horizontal=\"left\" data-block-key=\"8r4b3\">2,5% K\u00f6rperschaftssteuer f\u00fcr bestimmte Branchen.<\/div>\t\t\t\t\t\t\t\t<\/div>\n\t\t\t\t<div class=\"elementor-element elementor-element-a212518 elementor-widget elementor-widget-text-editor\" data-id=\"a212518\" data-element_type=\"widget\" data-e-type=\"widget\" data-widget_type=\"text-editor.default\">\n\t\t\t\t\t\t\t\t\t<div class=\"con-kit-atom-plain-text\" data-font-kit-type=\"l\"><p>\u00a0<\/p><div class=\"con-kit-component-text\" data-text-prop=\"text\" data-font-kit-type=\"l\"><div class=\"con-kit-quark con-kit-quark-paragraph\" data-quark=\"block\" data-font-kit-type=\"l\" data-kit-align-horizontal=\"left\" data-block-key=\"cg26h\"><span class=\"con-kit-quark con-kit-quark-color\">Die Gr\u00fcnde f\u00fcr den Wunsch nach Anonymit\u00e4t sind vielf\u00e4ltig und in der Regel legitim. Allerdings ist es nur in wenigen L\u00e4ndern \u00fcberhaupt m\u00f6glich, ein Unternehmen anonym zu gr\u00fcnden. Oftmals ist dies nur mit Hilfe privater Vermittler m\u00f6glich, die f\u00fcr ihre Treuhanddienste hohe Geb\u00fchren verlangen und deren Zuverl\u00e4ssigkeit oft fragw\u00fcrdig ist. Bei solchen \u201ewilden\u201c Trusts, die gesetzlich nicht reguliert sind, besteht ein reales Risiko des Totalverlusts, und zwar nicht nur aufgrund des Vertrauensbruchs des Treuh\u00e4nders. Es gen\u00fcgt ein einziger Problemkunde dieses Treuh\u00e4nders, der schwere Straftaten begeht, und das Verm\u00f6gen aller Treugeber wird eingefroren \u2013 oft f\u00fcr Jahre. Von Trusts in L\u00e4ndern wie Malta, den Vereinigten Arabischen Emiraten, der Schweiz, Gro\u00dfbritannien, Deutschland, Irland, Bulgarien und den Niederlanden wird daher dringend abgeraten, es sei denn, die Integrit\u00e4t des Treuh\u00e4nders ist zweifelsfrei erwiesen.<\/span><\/div><\/div><\/div><div class=\"con-kit-component-spacer\">\u00a0<\/div>\t\t\t\t\t\t\t\t<\/div>\n\t\t\t\t\t<\/div>\n\t\t\t\t<\/div>\n\t\t<div class=\"elementor-element elementor-element-b1687ba e-flex e-con-boxed wpr-particle-no wpr-jarallax-no wpr-parallax-no wpr-sticky-section-no e-con e-parent\" data-id=\"b1687ba\" data-element_type=\"container\" data-e-type=\"container\" data-settings=\"{&quot;background_background&quot;:&quot;classic&quot;}\">\n\t\t\t\t\t<div class=\"e-con-inner\">\n\t\t<div class=\"elementor-element elementor-element-137d7ac e-con-full e-flex wpr-particle-no wpr-jarallax-no wpr-parallax-no wpr-sticky-section-no e-con e-child\" data-id=\"137d7ac\" data-element_type=\"container\" data-e-type=\"container\" data-settings=\"{&quot;background_background&quot;:&quot;classic&quot;}\">\n\t\t\t\t<div class=\"elementor-element elementor-element-17ddc20 elementor-widget elementor-widget-heading\" data-id=\"17ddc20\" data-element_type=\"widget\" data-e-type=\"widget\" data-widget_type=\"heading.default\">\n\t\t\t\t\t<h2 class=\"elementor-heading-title elementor-size-default\">Die Treuhandsituation in Zypern. Treuhanddienstleistungen in Zypern.\n<\/h2>\t\t\t\t<\/div>\n\t\t\t\t<div class=\"elementor-element elementor-element-e7f5a47 elementor-widget-divider--view-line elementor-widget elementor-widget-divider\" data-id=\"e7f5a47\" data-element_type=\"widget\" data-e-type=\"widget\" data-widget_type=\"divider.default\">\n\t\t\t\t\t\t\t<div class=\"elementor-divider\">\n\t\t\t<span class=\"elementor-divider-separator\">\n\t\t\t\t\t\t<\/span>\n\t\t<\/div>\n\t\t\t\t\t\t<\/div>\n\t\t\t\t<div class=\"elementor-element elementor-element-99323a1 elementor-widget elementor-widget-text-editor\" data-id=\"99323a1\" data-element_type=\"widget\" data-e-type=\"widget\" data-widget_type=\"text-editor.default\">\n\t\t\t\t\t\t\t\t\t<div class=\"con-kit-atom-plain-text\" data-font-kit-type=\"m\"><div class=\"con-kit-component-text\" data-text-prop=\"text\" data-font-kit-type=\"m\"><div class=\"con-kit-quark con-kit-quark-paragraph\" data-quark=\"block\" data-font-kit-type=\"m\" data-block-key=\"8r4b3\"><div class=\"con-kit-quark con-kit-quark-paragraph\" data-quark=\"block\" data-font-kit-type=\"l\" data-kit-align-horizontal=\"left\" data-block-key=\"8r4b3\">Um die Anonymit\u00e4t des Firmeninhabers zu wahren, bietet das zyprische Recht die notwendigen Sicherheitsvorkehrungen und regelt die Grenzen des Trusts. Der Treuh\u00e4nder hat keinen Zugriff auf das Verm\u00f6gen oder die Bankkonten des Unternehmens, es sei denn, der Firmeninhaber erteilt ihm ausdr\u00fccklich die erforderlichen Rechte (was in der Regel nicht erforderlich ist).<\/div><div data-quark=\"block\" data-font-kit-type=\"l\" data-kit-align-horizontal=\"left\" data-block-key=\"8r4b3\">\u00a0<\/div><div class=\"con-kit-quark con-kit-quark-paragraph\" data-quark=\"block\" data-font-kit-type=\"l\" data-kit-align-horizontal=\"left\" data-block-key=\"d1pbo\">Als Treuh\u00e4nder k\u00f6nnen sowohl nat\u00fcrliche als auch juristische Personen fungieren.<\/div><div class=\"con-kit-quark con-kit-quark-paragraph\" data-quark=\"block\" data-font-kit-type=\"l\" data-kit-align-horizontal=\"left\" data-block-key=\"d1pbo\">Treuh\u00e4nder stehen jederzeit f\u00fcr Unterschriften und andere Aufgaben zur Verf\u00fcgung.<\/div><div class=\"con-kit-quark con-kit-quark-paragraph\" data-quark=\"block\" data-font-kit-type=\"l\" data-kit-align-horizontal=\"left\" data-block-key=\"5lcic\">Der Treuh\u00e4nder hat die Funktion eines Direktors, Sekret\u00e4rs und\/oder Aktion\u00e4rs und ist entsprechend im Handelsregister von Nikosia eingetragen.<\/div><div data-quark=\"block\" data-font-kit-type=\"l\" data-kit-align-horizontal=\"left\" data-block-key=\"5lcic\">\u00a0<\/div><div class=\"con-kit-quark con-kit-quark-paragraph\" data-quark=\"block\" data-font-kit-type=\"l\" data-kit-align-horizontal=\"left\" data-block-key=\"fjlim\">Nat\u00fcrlich sind auch Varianten m\u00f6glich, beispielsweise eine ausl\u00e4ndische Gesellschaft als Gesellschafter der zypriotischen Limited in Kombination mit einem Trust Director und Secretary.<\/div><div data-quark=\"block\" data-font-kit-type=\"l\" data-kit-align-horizontal=\"left\" data-block-key=\"fjlim\">\u00a0<\/div><div class=\"con-kit-quark con-kit-quark-paragraph\" data-quark=\"block\" data-font-kit-type=\"l\" data-kit-align-horizontal=\"left\" data-block-key=\"elr7g\">Der Treugeber, also der Eigent\u00fcmer der Cyprus Limited, ist durch einen Treuhandvertrag gesch\u00fctzt. Dar\u00fcber hinaus erh\u00e4lt der Treugeber ein vorab unterzeichnetes und undatiertes Dokument (Aktien\u00fcbertragung), das ihm die jederzeitige \u00dcbertragung s\u00e4mtlicher Unternehmensanteile erm\u00f6glicht. Der Treugeber genie\u00dft somit jederzeit absolute Sicherheit und volle Kontrolle.<\/div><div data-quark=\"block\" data-font-kit-type=\"l\" data-kit-align-horizontal=\"left\" data-block-key=\"elr7g\">\u00a0<\/div><div class=\"con-kit-quark con-kit-quark-paragraph\" data-quark=\"block\" data-font-kit-type=\"l\" data-kit-align-horizontal=\"left\" data-block-key=\"efecp\">Die Treuh\u00e4nder sind selbstverst\u00e4ndlich weisungsbefugt und handeln daher ausschlie\u00dflich im Auftrag des Treugebers.<\/div><\/div><\/div><\/div>\t\t\t\t\t\t\t\t<\/div>\n\t\t\t\t<\/div>\n\t\t\t\t\t<\/div>\n\t\t\t\t<\/div>\n\t\t<div class=\"elementor-element elementor-element-7e66a9a e-flex e-con-boxed wpr-particle-no wpr-jarallax-no wpr-parallax-no wpr-sticky-section-no e-con e-parent\" data-id=\"7e66a9a\" data-element_type=\"container\" data-e-type=\"container\" data-settings=\"{&quot;background_background&quot;:&quot;classic&quot;}\">\n\t\t\t\t\t<div class=\"e-con-inner\">\n\t\t<div class=\"elementor-element elementor-element-3b31d21 e-con-full e-flex wpr-particle-no wpr-jarallax-no wpr-parallax-no wpr-sticky-section-no e-con e-child\" data-id=\"3b31d21\" data-element_type=\"container\" data-e-type=\"container\" data-settings=\"{&quot;background_background&quot;:&quot;classic&quot;}\">\n\t\t\t\t<div class=\"elementor-element elementor-element-47dd160 elementor-widget elementor-widget-heading\" data-id=\"47dd160\" data-element_type=\"widget\" data-e-type=\"widget\" data-widget_type=\"heading.default\">\n\t\t\t\t\t<h2 class=\"elementor-heading-title elementor-size-default\">Europ\u00e4isches Transparenzregister\n<\/h2>\t\t\t\t<\/div>\n\t\t\t\t<div class=\"elementor-element elementor-element-769b321 elementor-widget-divider--view-line elementor-widget elementor-widget-divider\" data-id=\"769b321\" data-element_type=\"widget\" data-e-type=\"widget\" data-widget_type=\"divider.default\">\n\t\t\t\t\t\t\t<div class=\"elementor-divider\">\n\t\t\t<span class=\"elementor-divider-separator\">\n\t\t\t\t\t\t<\/span>\n\t\t<\/div>\n\t\t\t\t\t\t<\/div>\n\t\t\t\t<div class=\"elementor-element elementor-element-109eb64 elementor-widget elementor-widget-text-editor\" data-id=\"109eb64\" data-element_type=\"widget\" data-e-type=\"widget\" data-widget_type=\"text-editor.default\">\n\t\t\t\t\t\t\t\t\t<div class=\"con-kit-atom-plain-text\" data-font-kit-type=\"m\"><div class=\"con-kit-component-text\" data-text-prop=\"text\" data-font-kit-type=\"m\"><div class=\"con-kit-quark con-kit-quark-paragraph\" data-quark=\"block\" data-font-kit-type=\"m\" data-block-key=\"8r4b3\"><div class=\"con-kit-quark con-kit-quark-paragraph\" data-quark=\"block\" data-font-kit-type=\"l\" data-kit-align-horizontal=\"left\" data-block-key=\"8r4b3\">In der Europ\u00e4ischen Union ist ein Transparenzregister gesetzlich vorgeschrieben. Dies erm\u00f6glicht Beh\u00f6rden und Personen mit berechtigtem Interesse, die Eigentumsverh\u00e4ltnisse eines Unternehmens einzusehen. Der wirtschaftliche Eigent\u00fcmer jedes zypriotischen Unternehmens ist im Transparenzregister einsehbar.<\/div><\/div><\/div><\/div>\t\t\t\t\t\t\t\t<\/div>\n\t\t\t\t<\/div>\n\t\t\t\t\t<\/div>\n\t\t\t\t<\/div>\n\t\t<div class=\"elementor-element elementor-element-f22a827 e-flex e-con-boxed wpr-particle-no wpr-jarallax-no wpr-parallax-no wpr-sticky-section-no e-con e-parent\" data-id=\"f22a827\" data-element_type=\"container\" data-e-type=\"container\" data-settings=\"{&quot;background_background&quot;:&quot;classic&quot;}\">\n\t\t\t\t\t<div class=\"e-con-inner\">\n\t\t<div class=\"elementor-element elementor-element-c9137dc e-con-full e-flex wpr-particle-no wpr-jarallax-no wpr-parallax-no wpr-sticky-section-no e-con e-child\" data-id=\"c9137dc\" data-element_type=\"container\" data-e-type=\"container\" data-settings=\"{&quot;background_background&quot;:&quot;classic&quot;}\">\n\t\t\t\t<div class=\"elementor-element elementor-element-35fcb01 elementor-widget elementor-widget-heading\" data-id=\"35fcb01\" data-element_type=\"widget\" data-e-type=\"widget\" data-widget_type=\"heading.default\">\n\t\t\t\t\t<h2 class=\"elementor-heading-title elementor-size-default\">Keine Strafen im Zusammenhang mit Trusts in Zypern.<\/h2>\t\t\t\t<\/div>\n\t\t\t\t<div class=\"elementor-element elementor-element-f513821 elementor-widget-divider--view-line elementor-widget elementor-widget-divider\" data-id=\"f513821\" data-element_type=\"widget\" data-e-type=\"widget\" data-widget_type=\"divider.default\">\n\t\t\t\t\t\t\t<div class=\"elementor-divider\">\n\t\t\t<span class=\"elementor-divider-separator\">\n\t\t\t\t\t\t<\/span>\n\t\t<\/div>\n\t\t\t\t\t\t<\/div>\n\t\t\t\t<div class=\"elementor-element elementor-element-8a2ad09 elementor-widget elementor-widget-text-editor\" data-id=\"8a2ad09\" data-element_type=\"widget\" data-e-type=\"widget\" data-widget_type=\"text-editor.default\">\n\t\t\t\t\t\t\t\t\t<div class=\"con-kit-atom-plain-text\" data-font-kit-type=\"m\"><div class=\"con-kit-component-text\" data-text-prop=\"text\" data-font-kit-type=\"m\"><div class=\"con-kit-quark con-kit-quark-paragraph\" data-quark=\"block\" data-font-kit-type=\"m\" data-block-key=\"8r4b3\"><div class=\"con-kit-quark con-kit-quark-paragraph\" data-quark=\"block\" data-font-kit-type=\"l\" data-kit-align-horizontal=\"left\" data-block-key=\"8r4b3\"><div class=\"con-kit-quark con-kit-quark-paragraph\" data-quark=\"block\" data-font-kit-type=\"l\" data-kit-align-horizontal=\"left\" data-block-key=\"8r4b3\"><span>Dass das Trustrecht in Zypern dem Treugeber ein H\u00f6chstma\u00df an Sicherheit bietet, wird durch die offizielle Kriminalstatistik der zypriotischen Polizei eindrucksvoll belegt.<\/span><\/div><div data-quark=\"block\" data-font-kit-type=\"l\" data-kit-align-horizontal=\"left\" data-block-key=\"8r4b3\">\u00a0<\/div><\/div><div data-quark=\"block\" data-font-kit-type=\"l\" data-kit-align-horizontal=\"left\" data-block-key=\"8r4b3\"><div class=\"con-kit-quark con-kit-quark-paragraph\" data-quark=\"block\" data-font-kit-type=\"l\" data-kit-align-horizontal=\"left\" data-block-key=\"707p1\"><span>Die Kriminalstatistik der Jahre 2010 bis 2012 und 2011 bis 2013 weist keine Betrugsf\u00e4lle in der Kategorie \u201eBetrug durch Treuh\u00e4nder und Vertrauenspersonen sowie Bilanzf\u00e4lschung\u201c aus. Anlegergelder sind in Zypern also in sicheren H\u00e4nden.<\/span><\/div><\/div><div data-quark=\"block\" data-font-kit-type=\"l\" data-kit-align-horizontal=\"left\" data-block-key=\"707p1\"><br \/><div class=\"con-kit-atom-plain-text\" data-font-kit-type=\"l\"><div class=\"con-kit-component-text\" data-text-prop=\"text\" data-font-kit-type=\"l\"><div class=\"con-kit-quark con-kit-quark-paragraph\" data-quark=\"block\" data-font-kit-type=\"l\" data-kit-align-horizontal=\"left\" data-block-key=\"78vgd\">Diese Rechtssicherheit macht Zypern zum idealen Ziel f\u00fcr Trusts f\u00fcr Unternehmen jeder Gr\u00f6\u00dfe \u2013 nicht nur in Europa, sondern weltweit.<\/div><\/div><\/div><div class=\"con-kit-component-spacer\">\u00a0<\/div><\/div><\/div><\/div><\/div>\t\t\t\t\t\t\t\t<\/div>\n\t\t\t\t<\/div>\n\t\t\t\t\t<\/div>\n\t\t\t\t<\/div>\n\t\t<div class=\"elementor-element elementor-element-37305dd e-flex e-con-boxed wpr-particle-no wpr-jarallax-no wpr-parallax-no wpr-sticky-section-no e-con e-parent\" data-id=\"37305dd\" data-element_type=\"container\" data-e-type=\"container\">\n\t\t\t\t\t<div class=\"e-con-inner\">\n\t\t\t\t<div class=\"elementor-element elementor-element-16310ae elementor-align-center elementor-widget elementor-widget-button\" data-id=\"16310ae\" data-element_type=\"widget\" data-e-type=\"widget\" data-widget_type=\"button.default\">\n\t\t\t\t\t\t\t\t\t\t<a class=\"elementor-button elementor-button-link elementor-size-sm\" href=\"https:\/\/calendly.com\/florianwilk\/erstgesprach-mit-einer-mitarbeiterin-der-cmc\">\n\t\t\t\t\t\t<span class=\"elementor-button-content-wrapper\">\n\t\t\t\t\t\t\t\t\t<span class=\"elementor-button-text\">Jetzt kostenlose Beratung erhalten<\/span>\n\t\t\t\t\t<\/span>\n\t\t\t\t\t<\/a>\n\t\t\t\t\t\t\t\t<\/div>\n\t\t\t\t\t<\/div>\n\t\t\t\t<\/div>\n\t\t\t\t<\/div>\n\t\t\n    <div class=\"xs_social_share_widget xs_share_url after_content \t\tmain_content  wslu-style-1 wslu-share-box-shaped wslu-fill-colored wslu-none wslu-share-horizontal wslu-theme-font-no wslu-main_content\">\n\n\t\t\n        <ul>\n\t\t\t        <\/ul>\n    <\/div>","protected":false},"excerpt":{"rendered":"<p>Zypern Limited Gr\u00fcndung und Verwaltung mit CMC. 2,5% K\u00f6rperschaftssteuer f\u00fcr bestimmte Branchen. \u00a0 The reasons for desiring anonymity are varied and generally legitimate. However, in only a few countries is it even possible to establish a company anonymously. Often, this is only possible with the help of private intermediaries who charge handsomely for their services as trustees and who often have questionable reliability. In such &#8220;wild&#8221; trusts, which are not regulated by law, there is a real risk of total loss, and not only due to the trustee&#8217;s breach of trust. All it takes is one problem client of this trustee who commits serious crimes for the assets of all trustors to be frozen \u2013 often for years. Trusts in jurisdictions such as Malta, the UAE, Switzerland, Great Britain, Germany, Ireland, Bulgaria, and the Netherlands are therefore highly discouraged unless the trustee&#8217;s integrity has been established beyond doubt.\u00a0 The trust situation in Cyprus. Trust services in Cyprus. To protect the anonymity of the company owner, Cyprus law provides the necessary safeguards and regulates the limits of the trust. The trustee has no access to the company&#8217;s assets or bank accounts unless explicitly granted the necessary rights by the company owner (which is usually not necessary).\u00a0Both natural and legal persons can serve as trustees.Trustees are always available for signatures and other tasks.The trustee holds the functions of director, secretary and\/or shareholder and is registered accordingly in the Nicosia Commercial Register.\u00a0Of course, variations are also possible, for example a foreign company as a shareholder of the Cypriot Limited in combination with a trust director and secretary.\u00a0The trustor, i.e., the owner of the Cyprus Limited, is protected by a trust agreement. Furthermore, the trustor receives a pre-signed, undated document (transfer of shares), which allows them to transfer all company shares at any time. The trustor thus enjoys absolute security and full control at all times.\u00a0The trustees are, of course, authorized to give instructions and therefore act only on the instructions of the trustor. European Transparency Register In the European Union, a transparency register is required by law. This means that authorities and persons with a legitimate interest can view the ownership of a company. The beneficial owner of every Cypriot company can be accessed in the transparency register. No penalties related to trusts in Cyprus. The fact that the trust law in Cyprus offers the trustor the highest possible level of security is impressively demonstrated by the official crime statistics of the Cyprus police.\u00a0Crime statistics for the years 2010 to 2012 and 2011 to 2013 show no cases of fraud in the category of &#8220;fraud by trustees and persons in a position of trust and false accounting.&#8221; Investors&#8217; money is therefore in safe hands in Cyprus.This legal certainty makes Cyprus the ideal destination for trusts for companies of all sizes \u2013 not just in Europe, but worldwide.\u00a0 Get Free Consultation Now<\/p>","protected":false},"author":1,"featured_media":0,"parent":0,"menu_order":0,"comment_status":"closed","ping_status":"closed","template":"","meta":{"postBodyCss":"","postBodyMargin":[],"postBodyPadding":[],"postBodyBackground":{"backgroundType":"classic","gradient":""},"footnotes":""},"class_list":["post-268","page","type-page","status-publish","hentry"],"_links":{"self":[{"href":"https:\/\/nachzypernauswandern.com\/de\/wp-json\/wp\/v2\/pages\/268","targetHints":{"allow":["GET"]}}],"collection":[{"href":"https:\/\/nachzypernauswandern.com\/de\/wp-json\/wp\/v2\/pages"}],"about":[{"href":"https:\/\/nachzypernauswandern.com\/de\/wp-json\/wp\/v2\/types\/page"}],"author":[{"embeddable":true,"href":"https:\/\/nachzypernauswandern.com\/de\/wp-json\/wp\/v2\/users\/1"}],"replies":[{"embeddable":true,"href":"https:\/\/nachzypernauswandern.com\/de\/wp-json\/wp\/v2\/comments?post=268"}],"version-history":[{"count":10,"href":"https:\/\/nachzypernauswandern.com\/de\/wp-json\/wp\/v2\/pages\/268\/revisions"}],"predecessor-version":[{"id":486,"href":"https:\/\/nachzypernauswandern.com\/de\/wp-json\/wp\/v2\/pages\/268\/revisions\/486"}],"wp:attachment":[{"href":"https:\/\/nachzypernauswandern.com\/de\/wp-json\/wp\/v2\/media?parent=268"}],"curies":[{"name":"wp","href":"https:\/\/api.w.org\/{rel}","templated":true}]}}