{"id":270,"date":"2025-08-05T23:25:11","date_gmt":"2025-08-05T23:25:11","guid":{"rendered":"https:\/\/nachzypernauswandern.com\/?page_id=270"},"modified":"2026-03-16T07:04:09","modified_gmt":"2026-03-16T07:04:09","slug":"legal-certainty","status":"publish","type":"page","link":"https:\/\/nachzypernauswandern.com\/de\/legal-certainty\/","title":{"rendered":"Rechtssicherheit"},"content":{"rendered":"<div data-elementor-type=\"wp-page\" data-elementor-id=\"270\" class=\"elementor elementor-270\">\n\t\t\t\t<div class=\"elementor-element elementor-element-a9e3128 e-flex e-con-boxed wpr-particle-no wpr-jarallax-no wpr-parallax-no wpr-sticky-section-no e-con e-parent\" data-id=\"a9e3128\" data-element_type=\"container\" data-e-type=\"container\" data-settings=\"{&quot;background_background&quot;:&quot;classic&quot;}\">\n\t\t\t\t\t<div class=\"e-con-inner\">\n\t\t\t\t<div class=\"elementor-element elementor-element-a5752e0 elementor-widget elementor-widget-spacer\" data-id=\"a5752e0\" data-element_type=\"widget\" data-e-type=\"widget\" data-widget_type=\"spacer.default\">\n\t\t\t\t\t\t\t<div class=\"elementor-spacer\">\n\t\t\t<div class=\"elementor-spacer-inner\"><\/div>\n\t\t<\/div>\n\t\t\t\t\t\t<\/div>\n\t\t\t\t<div class=\"elementor-element elementor-element-bc04bb6 elementor-widget elementor-widget-heading\" data-id=\"bc04bb6\" data-element_type=\"widget\" data-e-type=\"widget\" data-widget_type=\"heading.default\">\n\t\t\t\t\t<h2 class=\"elementor-heading-title elementor-size-default\">Rechtssicherheit<\/h2>\t\t\t\t<\/div>\n\t\t\t\t<div class=\"elementor-element elementor-element-d00ec19 elementor-widget elementor-widget-spacer\" data-id=\"d00ec19\" data-element_type=\"widget\" data-e-type=\"widget\" data-widget_type=\"spacer.default\">\n\t\t\t\t\t\t\t<div class=\"elementor-spacer\">\n\t\t\t<div class=\"elementor-spacer-inner\"><\/div>\n\t\t<\/div>\n\t\t\t\t\t\t<\/div>\n\t\t\t\t\t<\/div>\n\t\t\t\t<\/div>\n\t\t<div class=\"elementor-element elementor-element-fafc672 e-flex e-con-boxed wpr-particle-no wpr-jarallax-no wpr-parallax-no wpr-sticky-section-no e-con e-parent\" data-id=\"fafc672\" data-element_type=\"container\" data-e-type=\"container\">\n\t\t\t\t\t<div class=\"e-con-inner\">\n\t\t\t\t<div class=\"elementor-element elementor-element-db71ff9 elementor-widget elementor-widget-heading\" data-id=\"db71ff9\" data-element_type=\"widget\" data-e-type=\"widget\" data-widget_type=\"heading.default\">\n\t\t\t\t\t<h2 class=\"elementor-heading-title elementor-size-default\">Ist eine Cyprus Limited rechtssicher?<\/h2>\t\t\t\t<\/div>\n\t\t\t\t\t<\/div>\n\t\t\t\t<\/div>\n\t\t<div class=\"elementor-element elementor-element-9568d57 e-flex e-con-boxed wpr-particle-no wpr-jarallax-no wpr-parallax-no wpr-sticky-section-no e-con e-parent\" data-id=\"9568d57\" data-element_type=\"container\" data-e-type=\"container\">\n\t\t\t\t\t<div class=\"e-con-inner\">\n\t\t\t\t<div class=\"elementor-element elementor-element-22a536d elementor-widget elementor-widget-text-editor\" data-id=\"22a536d\" data-element_type=\"widget\" data-e-type=\"widget\" data-widget_type=\"text-editor.default\">\n\t\t\t\t\t\t\t\t\t<div class=\"con-kit-atom-plain-text\" data-font-kit-type=\"l\"><div class=\"con-kit-component-text\" data-text-prop=\"text\" data-font-kit-type=\"l\"><div class=\"con-kit-quark con-kit-quark-paragraph\" data-quark=\"block\" data-font-kit-type=\"xl\" data-kit-align-horizontal=\"left\" data-block-key=\"12huh\"><span class=\"con-kit-quark con-kit-quark-color\"><span>Gerade Mandanten, die zum ersten Mal im Ausland ein Unternehmen gr\u00fcnden, haben manchmal Bedenken hinsichtlich der Rechtssicherheit einer ausl\u00e4ndischen Firma. Kann ich uneingeschr\u00e4nkt auf mein Geld zugreifen? Ist mein Bankkonto sicher? Ist mein Projekt steuerkonform? Ist die Mafia im Land besonders aktiv und sorgt f\u00fcr horrende \u201eSondergeb\u00fchren\u201c und Korruption?<\/span><\/span><\/div><\/div><\/div><div class=\"con-kit-component-spacer\">\u00a0<\/div>\t\t\t\t\t\t\t\t<\/div>\n\t\t\t\t\t<\/div>\n\t\t\t\t<\/div>\n\t\t<div class=\"elementor-element elementor-element-743a8b6 e-flex e-con-boxed wpr-particle-no wpr-jarallax-no wpr-parallax-no wpr-sticky-section-no e-con e-parent\" data-id=\"743a8b6\" data-element_type=\"container\" data-e-type=\"container\" data-settings=\"{&quot;background_background&quot;:&quot;classic&quot;}\">\n\t\t\t\t\t<div class=\"e-con-inner\">\n\t\t<div class=\"elementor-element elementor-element-5fb26d9 e-con-full e-flex wpr-particle-no wpr-jarallax-no wpr-parallax-no wpr-sticky-section-no e-con e-child\" data-id=\"5fb26d9\" data-element_type=\"container\" data-e-type=\"container\" data-settings=\"{&quot;background_background&quot;:&quot;classic&quot;}\">\n\t\t\t\t<div class=\"elementor-element elementor-element-0425b48 elementor-view-default elementor-widget elementor-widget-icon\" data-id=\"0425b48\" data-element_type=\"widget\" data-e-type=\"widget\" data-widget_type=\"icon.default\">\n\t\t\t\t\t\t\t<div class=\"elementor-icon-wrapper\">\n\t\t\t<div class=\"elementor-icon\">\n\t\t\t<svg aria-hidden=\"true\" class=\"e-font-icon-svg e-fas-smile-beam\" viewbox=\"0 0 496 512\" xmlns=\"http:\/\/www.w3.org\/2000\/svg\"><path d=\"M248 8C111 8 0 119 0 256s111 248 248 248 248-111 248-248S385 8 248 8zM112 223.4c3.3-42.1 32.2-71.4 56-71.4s52.7 29.3 56 71.4c.7 8.6-10.8 11.9-14.9 4.5l-9.5-17c-7.7-13.7-19.2-21.6-31.5-21.6s-23.8 7.9-31.5 21.6l-9.5 17c-4.3 7.4-15.8 4-15.1-4.5zm250.8 122.8C334.3 380.4 292.5 400 248 400s-86.3-19.6-114.8-53.8c-13.5-16.3 11-36.7 24.6-20.5 22.4 26.9 55.2 42.2 90.2 42.2s67.8-15.4 90.2-42.2c13.6-16.2 38.1 4.3 24.6 20.5zm6.2-118.3l-9.5-17c-7.7-13.7-19.2-21.6-31.5-21.6s-23.8 7.9-31.5 21.6l-9.5 17c-4.1 7.3-15.6 4-14.9-4.5 3.3-42.1 32.2-71.4 56-71.4s52.7 29.3 56 71.4c.6 8.6-11 11.9-15.1 4.5z\"><\/path><\/svg>\t\t\t<\/div>\n\t\t<\/div>\n\t\t\t\t\t\t<\/div>\n\t\t\t\t<div class=\"elementor-element elementor-element-439d44d elementor-widget elementor-widget-heading\" data-id=\"439d44d\" data-element_type=\"widget\" data-e-type=\"widget\" data-widget_type=\"heading.default\">\n\t\t\t\t\t<h2 class=\"elementor-heading-title elementor-size-default\">Kryptow\u00e4hrungen und Blockchain in Georgien<\/h2>\t\t\t\t<\/div>\n\t\t\t\t<div class=\"elementor-element elementor-element-260e987 elementor-widget-divider--view-line elementor-widget elementor-widget-divider\" data-id=\"260e987\" data-element_type=\"widget\" data-e-type=\"widget\" data-widget_type=\"divider.default\">\n\t\t\t\t\t\t\t<div class=\"elementor-divider\">\n\t\t\t<span class=\"elementor-divider-separator\">\n\t\t\t\t\t\t<\/span>\n\t\t<\/div>\n\t\t\t\t\t\t<\/div>\n\t\t\t\t<div class=\"elementor-element elementor-element-36d9aca elementor-widget elementor-widget-text-editor\" data-id=\"36d9aca\" data-element_type=\"widget\" data-e-type=\"widget\" data-widget_type=\"text-editor.default\">\n\t\t\t\t\t\t\t\t\t<div class=\"con-kit-atom-plain-text\" data-font-kit-type=\"m\"><div class=\"con-kit-component-text\" data-text-prop=\"text\" data-font-kit-type=\"m\"><div class=\"con-kit-quark con-kit-quark-paragraph\" data-quark=\"block\" data-font-kit-type=\"m\" data-block-key=\"8r4b3\"><div class=\"con-kit-quark con-kit-quark-paragraph\" data-quark=\"block\" data-font-kit-type=\"l\" data-kit-align-horizontal=\"left\" data-block-key=\"8r4b3\"><div class=\"con-kit-quark con-kit-quark-paragraph\" data-quark=\"block\" data-font-kit-type=\"m\" data-block-key=\"8r4b3\"><p><span class=\"con-kit-quark con-kit-quark-color\"><span class=\"con-kit-quark con-kit-quark-color\">Zypern wird von Gesch\u00e4ftsleuten aus aller Welt nicht nur wegen seines wirtschaftsfreundlichen Umfelds und der vorteilhaften Steuergesetzgebung bevorzugt, sondern auch wegen seiner unabh\u00e4ngigen Justiz und der bestehenden Rechtssicherheit.<\/span><\/span><\/p><p>\u00a0<\/p><div class=\"con-kit-quark con-kit-quark-paragraph\" data-quark=\"block\" data-font-kit-type=\"m\" data-block-key=\"u73l\"><p><span class=\"con-kit-quark con-kit-quark-color\"><span class=\"con-kit-quark con-kit-quark-color\">Zypern zeichnet sich durch jahrzehntelange Stabilit\u00e4t und niedrige Kriminalit\u00e4tsraten sowohl in der Bev\u00f6lkerung als auch in der Verwaltung aus. Unternehmer in Zypern werden kaum unangenehme \u00dcberraschungen erleben. Das Umfeld ist stets freundlich, l\u00f6sungsorientiert und ausl\u00e4ndischen Unternehmern gegen\u00fcber sehr offen und entgegenkommend.<\/span><\/span><\/p><p>\u00a0<\/p><div class=\"con-kit-quark con-kit-quark-paragraph\" data-quark=\"block\" data-font-kit-type=\"m\" data-block-key=\"cp5bc\"><p><span class=\"con-kit-quark con-kit-quark-color\"><span class=\"con-kit-quark con-kit-quark-color\">Zypern hat eine lange Tradition als Finanz- und Handelszentrum und verfolgt weiterhin seine Bem\u00fchungen und seine g\u00fcnstige Gesetzgebung.<\/span><\/span><\/p><p>\u00a0<\/p><div class=\"con-kit-atom-plain-text\" data-font-kit-type=\"m\"><div class=\"con-kit-component-text\" data-text-prop=\"text\" data-font-kit-type=\"m\"><div class=\"con-kit-quark con-kit-quark-paragraph\" data-quark=\"block\" data-font-kit-type=\"m\" data-block-key=\"e582o\"><span class=\"con-kit-quark con-kit-quark-color\">Englisch ist als Gesch\u00e4fts- und Regierungssprache weit verbreitet. Schlie\u00dflich ist Zypern eine ehemalige britische Kolonie.<\/span><\/div><\/div><\/div><div class=\"con-kit-component-spacer\">\u00a0<\/div><\/div><\/div><\/div><\/div><\/div><\/div><\/div>\t\t\t\t\t\t\t\t<\/div>\n\t\t\t\t<\/div>\n\t\t\t\t\t<\/div>\n\t\t\t\t<\/div>\n\t\t<div class=\"elementor-element elementor-element-6f3cc2c e-flex e-con-boxed wpr-particle-no wpr-jarallax-no wpr-parallax-no wpr-sticky-section-no e-con e-parent\" data-id=\"6f3cc2c\" data-element_type=\"container\" data-e-type=\"container\" data-settings=\"{&quot;background_background&quot;:&quot;classic&quot;}\">\n\t\t\t\t\t<div class=\"e-con-inner\">\n\t\t<div class=\"elementor-element elementor-element-2192cb0 e-con-full e-flex wpr-particle-no wpr-jarallax-no wpr-parallax-no wpr-sticky-section-no e-con e-child\" data-id=\"2192cb0\" data-element_type=\"container\" data-e-type=\"container\" data-settings=\"{&quot;background_background&quot;:&quot;classic&quot;}\">\n\t\t\t\t<div class=\"elementor-element elementor-element-7477e07 elementor-view-default elementor-widget elementor-widget-icon\" data-id=\"7477e07\" data-element_type=\"widget\" data-e-type=\"widget\" data-widget_type=\"icon.default\">\n\t\t\t\t\t\t\t<div class=\"elementor-icon-wrapper\">\n\t\t\t<div class=\"elementor-icon\">\n\t\t\t<i aria-hidden=\"true\" class=\"icon icon-bank1\"><\/i>\t\t\t<\/div>\n\t\t<\/div>\n\t\t\t\t\t\t<\/div>\n\t\t\t\t<div class=\"elementor-element elementor-element-fe6fa75 elementor-widget elementor-widget-heading\" data-id=\"fe6fa75\" data-element_type=\"widget\" data-e-type=\"widget\" data-widget_type=\"heading.default\">\n\t\t\t\t\t<h2 class=\"elementor-heading-title elementor-size-default\">Die richtige Bank f\u00fcr eine Cyprus Limited.\n<\/h2>\t\t\t\t<\/div>\n\t\t\t\t<div class=\"elementor-element elementor-element-c3c9da9 elementor-widget-divider--view-line elementor-widget elementor-widget-divider\" data-id=\"c3c9da9\" data-element_type=\"widget\" data-e-type=\"widget\" data-widget_type=\"divider.default\">\n\t\t\t\t\t\t\t<div class=\"elementor-divider\">\n\t\t\t<span class=\"elementor-divider-separator\">\n\t\t\t\t\t\t<\/span>\n\t\t<\/div>\n\t\t\t\t\t\t<\/div>\n\t\t\t\t<div class=\"elementor-element elementor-element-cedbefe elementor-widget elementor-widget-text-editor\" data-id=\"cedbefe\" data-element_type=\"widget\" data-e-type=\"widget\" data-widget_type=\"text-editor.default\">\n\t\t\t\t\t\t\t\t\t<div class=\"con-kit-atom-plain-text\" data-font-kit-type=\"m\"><div class=\"con-kit-component-text\" data-text-prop=\"text\" data-font-kit-type=\"m\"><div class=\"con-kit-quark con-kit-quark-paragraph\" data-quark=\"block\" data-font-kit-type=\"m\" data-block-key=\"8r4b3\"><div class=\"con-kit-quark con-kit-quark-paragraph\" data-quark=\"block\" data-font-kit-type=\"l\" data-kit-align-horizontal=\"left\" data-block-key=\"8r4b3\"><div class=\"con-kit-quark con-kit-quark-paragraph\" data-quark=\"block\" data-font-kit-type=\"m\" data-block-key=\"8r4b3\"><div class=\"con-kit-quark con-kit-quark-paragraph\" data-quark=\"block\" data-font-kit-type=\"m\" data-block-key=\"8r4b3\"><span class=\"con-kit-quark con-kit-quark-color\"><span class=\"con-kit-quark con-kit-quark-color\">Die Wahl der Bank ist entscheidend f\u00fcr die Sicherheit des Unternehmensverm\u00f6gens. Kunden k\u00f6nnen auf zahlreiche renommierte Banken zur\u00fcckgreifen, wie beispielsweise die Hellenic Bank in Zypern, die Bank Alpinum in Liechtenstein, die Credit Suisse in der Schweiz und viele andere.<br \/><br \/><\/span><\/span><div class=\"con-kit-quark con-kit-quark-paragraph\" data-quark=\"block\" data-font-kit-type=\"m\" data-block-key=\"8lpsm\"><span class=\"con-kit-quark con-kit-quark-color\"><span class=\"con-kit-quark con-kit-quark-color\">Tats\u00e4chlich verloren viele Bankkunden der Marfin Laiki Bank (Cyprus Popular Bank) und der Bank of Cyprus w\u00e4hrend der eskalierenden Bankenkrise im Fr\u00fchjahr 2013 erhebliche Einlagen, n\u00e4mlich einen erheblichen Teil ihrer liquiden Mittel von \u00fcber 100.000 Euro. Von diesem Bail-in waren 4 % aller Bankkunden betroffen. CMC-Kunden geh\u00f6rten jedoch nicht dazu, da die Probleme dieser Banken seit vielen Monaten bekannt waren und die Kunden dazu angehalten wurden, fr\u00fchzeitig und konsequent die Bank zu wechseln. CMC empfiehlt in jedem Fall stets die Hellenic Bank als erste lokale Bank. Sie ist sehr modern, bietet niedrige Geb\u00fchren, ist serviceorientiert und vor allem stabil. F\u00fcr Guthaben \u00fcber 100.000 Euro kommen die oben genannten Banken infrage.<br \/><br \/><\/span><\/span><div class=\"con-kit-quark con-kit-quark-paragraph\" data-quark=\"block\" data-font-kit-type=\"m\" data-block-key=\"8bb9i\"><span class=\"con-kit-quark con-kit-quark-color\"><span class=\"con-kit-quark con-kit-quark-color\">Die Bank of Cyprus erzielte im ersten Quartal 2014 nach mehreren sehr verlustreichen Quartalen wieder einen Gewinn von rund 40 Millionen Euro. Wir raten jedoch aufgrund zu erwartender Kreditausf\u00e4lle weiterhin zur Vorsicht bei der Bank of Cyprus. Der zypriotische Bankensektor erholt sich langsam, aber stetig.<br \/><br \/><\/span><\/span><div class=\"con-kit-quark con-kit-quark-paragraph\" data-quark=\"block\" data-font-kit-type=\"m\" data-block-key=\"7ahsg\"><span class=\"con-kit-quark con-kit-quark-color\"><span class=\"con-kit-quark con-kit-quark-color\">Grunds\u00e4tzlich haben Sie die Wahl zwischen vielen Jurisdiktionen und m\u00fcssen sich nicht auf zypriotische Banken beschr\u00e4nken.<br \/><br \/><\/span><\/span><div class=\"con-kit-atom-plain-text\" data-font-kit-type=\"m\"><div class=\"con-kit-component-text\" data-text-prop=\"text\" data-font-kit-type=\"m\"><div class=\"con-kit-quark con-kit-quark-paragraph\" data-quark=\"block\" data-font-kit-type=\"m\" data-block-key=\"8mjsr\"><span class=\"con-kit-quark con-kit-quark-color\"><span>Wichtige Information: Treuh\u00e4nder haben keinen Zugriff auf Bankkonten.<\/span><\/span><\/div><\/div><\/div><div class=\"con-kit-component-spacer\">\u00a0<\/div><\/div><span class=\"con-kit-quark con-kit-quark-color\"><br \/><\/span><\/div><\/div><\/div><\/div><\/div><\/div><\/div><\/div>\t\t\t\t\t\t\t\t<\/div>\n\t\t\t\t<\/div>\n\t\t\t\t\t<\/div>\n\t\t\t\t<\/div>\n\t\t<div class=\"elementor-element elementor-element-e4ad3e1 e-flex e-con-boxed wpr-particle-no wpr-jarallax-no wpr-parallax-no wpr-sticky-section-no e-con e-parent\" data-id=\"e4ad3e1\" data-element_type=\"container\" data-e-type=\"container\" data-settings=\"{&quot;background_background&quot;:&quot;classic&quot;}\">\n\t\t\t\t\t<div class=\"e-con-inner\">\n\t\t<div class=\"elementor-element elementor-element-4788cc3 e-con-full e-flex wpr-particle-no wpr-jarallax-no wpr-parallax-no wpr-sticky-section-no e-con e-child\" data-id=\"4788cc3\" data-element_type=\"container\" data-e-type=\"container\" data-settings=\"{&quot;background_background&quot;:&quot;classic&quot;}\">\n\t\t\t\t<div class=\"elementor-element elementor-element-2e4fff1 elementor-view-default elementor-widget elementor-widget-icon\" data-id=\"2e4fff1\" data-element_type=\"widget\" data-e-type=\"widget\" data-widget_type=\"icon.default\">\n\t\t\t\t\t\t\t<div class=\"elementor-icon-wrapper\">\n\t\t\t<div class=\"elementor-icon\">\n\t\t\t<i aria-hidden=\"true\" class=\"icon icon-protected-content-v3\"><\/i>\t\t\t<\/div>\n\t\t<\/div>\n\t\t\t\t\t\t<\/div>\n\t\t\t\t<div class=\"elementor-element elementor-element-c58c5d5 elementor-widget elementor-widget-heading\" data-id=\"c58c5d5\" data-element_type=\"widget\" data-e-type=\"widget\" data-widget_type=\"heading.default\">\n\t\t\t\t\t<h2 class=\"elementor-heading-title elementor-size-default\">Schutz vor Rechtsstreitigkeiten.\n<\/h2>\t\t\t\t<\/div>\n\t\t\t\t<div class=\"elementor-element elementor-element-ba35fea elementor-widget-divider--view-line elementor-widget elementor-widget-divider\" data-id=\"ba35fea\" data-element_type=\"widget\" data-e-type=\"widget\" data-widget_type=\"divider.default\">\n\t\t\t\t\t\t\t<div class=\"elementor-divider\">\n\t\t\t<span class=\"elementor-divider-separator\">\n\t\t\t\t\t\t<\/span>\n\t\t<\/div>\n\t\t\t\t\t\t<\/div>\n\t\t\t\t<div class=\"elementor-element elementor-element-62b9923 elementor-widget elementor-widget-text-editor\" data-id=\"62b9923\" data-element_type=\"widget\" data-e-type=\"widget\" data-widget_type=\"text-editor.default\">\n\t\t\t\t\t\t\t\t\t<div class=\"con-kit-atom-plain-text\" data-font-kit-type=\"m\"><div class=\"con-kit-component-text\" data-text-prop=\"text\" data-font-kit-type=\"m\"><div class=\"con-kit-quark con-kit-quark-paragraph\" data-quark=\"block\" data-font-kit-type=\"m\" data-block-key=\"8r4b3\"><div class=\"con-kit-quark con-kit-quark-paragraph\" data-quark=\"block\" data-font-kit-type=\"l\" data-kit-align-horizontal=\"left\" data-block-key=\"8r4b3\"><div class=\"con-kit-quark con-kit-quark-paragraph\" data-quark=\"block\" data-font-kit-type=\"m\" data-block-key=\"8r4b3\"><div class=\"con-kit-quark con-kit-quark-paragraph\" data-quark=\"block\" data-font-kit-type=\"m\" data-block-key=\"8r4b3\"><div class=\"con-kit-atom-plain-text\" data-font-kit-type=\"m\"><div class=\"con-kit-component-text\" data-text-prop=\"text\" data-font-kit-type=\"m\"><div class=\"con-kit-quark con-kit-quark-paragraph\" data-quark=\"block\" data-font-kit-type=\"m\" data-block-key=\"8r4b3\"><span class=\"con-kit-quark con-kit-quark-color\"><span>Eine zypriotische Limited bietet indirekten Schutz vor Abmahnungen und Rechtsstreitigkeiten mit Gesch\u00e4ftspartnern sowie Beh\u00f6rden. Aufgrund des Firmensitzes auf Zypern herrscht jedoch h\u00e4ufig Verwirrung \u00fcber die zust\u00e4ndige Gerichtsbarkeit, und Gl\u00e4ubiger haben wenig Vertrauen in eine erfolgreiche Durchsetzung. So erfahren beispielsweise E-Commerce-Kunden, die im Zeitalter des Europ\u00e4ischen Wirtschaftsraums ihre Waren problemlos europaweit \u00fcber eine zypriotische Limited vertreiben, eine deutliche Reduzierung der Abmahnungen von Wettbewerbern. Das spart Zeit, Nerven und Rechtskosten.<\/span><\/span><\/div><\/div><\/div><div class=\"con-kit-component-spacer\">\u00a0<\/div><\/div><\/div><\/div><\/div><\/div><\/div>\t\t\t\t\t\t\t\t<\/div>\n\t\t\t\t<\/div>\n\t\t\t\t\t<\/div>\n\t\t\t\t<\/div>\n\t\t<div class=\"elementor-element elementor-element-6018684 e-flex e-con-boxed wpr-particle-no wpr-jarallax-no wpr-parallax-no wpr-sticky-section-no e-con e-parent\" data-id=\"6018684\" data-element_type=\"container\" data-e-type=\"container\">\n\t\t\t\t\t<div class=\"e-con-inner\">\n\t\t\t\t<div class=\"elementor-element elementor-element-4ec88bc elementor-align-center elementor-widget elementor-widget-button\" data-id=\"4ec88bc\" data-element_type=\"widget\" data-e-type=\"widget\" data-widget_type=\"button.default\">\n\t\t\t\t\t\t\t\t\t\t<a class=\"elementor-button elementor-button-link elementor-size-sm\" href=\"https:\/\/calendly.com\/florianwilk\/erstgesprach-mit-einer-mitarbeiterin-der-cmc\">\n\t\t\t\t\t\t<span class=\"elementor-button-content-wrapper\">\n\t\t\t\t\t\t\t\t\t<span class=\"elementor-button-text\">Jetzt kostenlose Beratung erhalten<\/span>\n\t\t\t\t\t<\/span>\n\t\t\t\t\t<\/a>\n\t\t\t\t\t\t\t\t<\/div>\n\t\t\t\t\t<\/div>\n\t\t\t\t<\/div>\n\t\t\t\t<\/div>\n\t\t\n    <div class=\"xs_social_share_widget xs_share_url after_content \t\tmain_content  wslu-style-1 wslu-share-box-shaped wslu-fill-colored wslu-none wslu-share-horizontal wslu-theme-font-no wslu-main_content\">\n\n\t\t\n        <ul>\n\t\t\t        <\/ul>\n    <\/div>","protected":false},"excerpt":{"rendered":"<p>Legal certainty Is a Cyprus Limited legally secure? Especially clients who are starting a business abroad for the first time sometimes have concerns about the legal security of a foreign company. Can I access my funds without restrictions? Is my bank account secure? Is my project tax-compliant? Is the mafia particularly active in the country, making horrendous &#8220;special fees&#8221; and corruption commonplace?\u00a0 Cryptocurrencies and Blockchain in Georgia Cyprus is preferred by business people from all over the world not only because of its business-friendly environment and advantageous tax legislation, but also because of its independent judiciary and the existing legal certainty. \u00a0 Cyprus is characterized by decades of stability and low crime rates among both its population and its administration. Business owners in Cyprus are unlikely to experience any unpleasant surprises. The environment is always friendly, solution-oriented, and very open and accommodating to foreign entrepreneurs. \u00a0 Cyprus has a long tradition as a financial and trading center and continues to pursue its efforts and favorable legislation. \u00a0 English is widely spoken as a business and government language. After all, Cyprus is a former British colony.\u00a0 The right bank for a Cyprus Limited. The choice of bank is crucial for the security of the company&#8217;s assets. Clients have access to numerous reputable banks, such as the Hellenic Bank in Cyprus, Bank Alpinum in Liechtenstein, Credit Suisse in Switzerland, and many others. In fact, many bank customers of Marfin Laiki Bank (Cyprus Popular Bank) and Bank of Cyprus lost significant deposits during the escalating banking crisis in spring 2013, namely a significant portion of their liquid assets exceeding EUR 100,000. This bail-in affected 4% of all bank customers. However, CMC clients were not among these, as these banks&#8217; problems had been known for many months and customers had been encouraged to switch banks promptly and consistently. In any case, CMC always recommends Hellenic Bank as the first local bank to contact. It is very modern, offers low fees, is service-oriented, and, above all, is stable. For balances over EUR 100,000, the above-mentioned banks are among the options. The Bank of Cyprus returned to a profit of approximately \u20ac40 million in the first quarter of 2014 after several very loss-making quarters, although we still advise caution with the Bank of Cyprus due to expected loan defaults. The Cypriot banking sector is recovering slowly but steadily. In principle, you have a choice of many jurisdictions and do not have to limit yourself to Cypriot banks. Important information: Trustees do not have access to bank accounts.\u00a0 Protection against legal disputes. A Cypriot Limited company provides indirect protection against cease and desist letters and legal disputes with business partners, as well as with authorities. However, due to the company&#8217;s headquarters in Cyprus, confusion often arises regarding the competent jurisdiction, and creditors have little confidence in successful enforcement. For example, e-commerce clients who, in the era of the European Economic Area, easily sell their goods throughout Europe through a Cypriot Limited company experience a significant reduction in the number of cease and desist letters from competitors. This saves time, stress, and legal costs.\u00a0 Get Free Consultation Now<\/p>","protected":false},"author":1,"featured_media":0,"parent":0,"menu_order":0,"comment_status":"closed","ping_status":"closed","template":"","meta":{"postBodyCss":"","postBodyMargin":[],"postBodyPadding":[],"postBodyBackground":{"backgroundType":"classic","gradient":""},"footnotes":""},"class_list":["post-270","page","type-page","status-publish","hentry"],"_links":{"self":[{"href":"https:\/\/nachzypernauswandern.com\/de\/wp-json\/wp\/v2\/pages\/270","targetHints":{"allow":["GET"]}}],"collection":[{"href":"https:\/\/nachzypernauswandern.com\/de\/wp-json\/wp\/v2\/pages"}],"about":[{"href":"https:\/\/nachzypernauswandern.com\/de\/wp-json\/wp\/v2\/types\/page"}],"author":[{"embeddable":true,"href":"https:\/\/nachzypernauswandern.com\/de\/wp-json\/wp\/v2\/users\/1"}],"replies":[{"embeddable":true,"href":"https:\/\/nachzypernauswandern.com\/de\/wp-json\/wp\/v2\/comments?post=270"}],"version-history":[{"count":10,"href":"https:\/\/nachzypernauswandern.com\/de\/wp-json\/wp\/v2\/pages\/270\/revisions"}],"predecessor-version":[{"id":585,"href":"https:\/\/nachzypernauswandern.com\/de\/wp-json\/wp\/v2\/pages\/270\/revisions\/585"}],"wp:attachment":[{"href":"https:\/\/nachzypernauswandern.com\/de\/wp-json\/wp\/v2\/media?parent=270"}],"curies":[{"name":"wp","href":"https:\/\/api.w.org\/{rel}","templated":true}]}}