{"id":274,"date":"2025-08-05T23:25:45","date_gmt":"2025-08-05T23:25:45","guid":{"rendered":"https:\/\/nachzypernauswandern.com\/?page_id=274"},"modified":"2025-08-15T13:55:28","modified_gmt":"2025-08-15T13:55:28","slug":"location-cyprus","status":"publish","type":"page","link":"https:\/\/nachzypernauswandern.com\/de\/location-cyprus\/","title":{"rendered":"Standort Zypern"},"content":{"rendered":"<div data-elementor-type=\"wp-page\" data-elementor-id=\"274\" class=\"elementor elementor-274\">\n\t\t\t\t<div class=\"elementor-element elementor-element-6eee1e1 e-flex e-con-boxed wpr-particle-no wpr-jarallax-no wpr-parallax-no wpr-sticky-section-no e-con e-parent\" data-id=\"6eee1e1\" data-element_type=\"container\" data-e-type=\"container\" data-settings=\"{&quot;background_background&quot;:&quot;classic&quot;}\">\n\t\t\t\t\t<div class=\"e-con-inner\">\n\t\t\t\t<div class=\"elementor-element elementor-element-716ba13 elementor-widget elementor-widget-spacer\" data-id=\"716ba13\" data-element_type=\"widget\" data-e-type=\"widget\" data-widget_type=\"spacer.default\">\n\t\t\t\t\t\t\t<div class=\"elementor-spacer\">\n\t\t\t<div class=\"elementor-spacer-inner\"><\/div>\n\t\t<\/div>\n\t\t\t\t\t\t<\/div>\n\t\t\t\t<div class=\"elementor-element elementor-element-070df83 elementor-widget elementor-widget-heading\" data-id=\"070df83\" data-element_type=\"widget\" data-e-type=\"widget\" data-widget_type=\"heading.default\">\n\t\t\t\t\t<h2 class=\"elementor-heading-title elementor-size-default\">Standort Zypern\n<\/h2>\t\t\t\t<\/div>\n\t\t\t\t<div class=\"elementor-element elementor-element-59d4ae5 elementor-widget elementor-widget-spacer\" data-id=\"59d4ae5\" data-element_type=\"widget\" data-e-type=\"widget\" data-widget_type=\"spacer.default\">\n\t\t\t\t\t\t\t<div class=\"elementor-spacer\">\n\t\t\t<div class=\"elementor-spacer-inner\"><\/div>\n\t\t<\/div>\n\t\t\t\t\t\t<\/div>\n\t\t\t\t\t<\/div>\n\t\t\t\t<\/div>\n\t\t<div class=\"elementor-element elementor-element-f5d7ed5 e-flex e-con-boxed wpr-particle-no wpr-jarallax-no wpr-parallax-no wpr-sticky-section-no e-con e-parent\" data-id=\"f5d7ed5\" data-element_type=\"container\" data-e-type=\"container\">\n\t\t\t\t\t<div class=\"e-con-inner\">\n\t\t\t\t<div class=\"elementor-element elementor-element-5cf978e elementor-widget elementor-widget-text-editor\" data-id=\"5cf978e\" data-element_type=\"widget\" data-e-type=\"widget\" data-widget_type=\"text-editor.default\">\n\t\t\t\t\t\t\t\t\t<div class=\"con-kit-atom-plain-text\" data-font-kit-type=\"l\"><div class=\"con-kit-component-text\" data-text-prop=\"text\" data-font-kit-type=\"l\"><div class=\"con-kit-quark con-kit-quark-paragraph\" data-quark=\"block\" data-font-kit-type=\"l\" data-kit-align-horizontal=\"left\" data-block-key=\"cg26h\"><div class=\"con-kit-quark con-kit-quark-paragraph\" data-quark=\"block\" data-font-kit-type=\"l\" data-kit-align-horizontal=\"left\" data-block-key=\"3ids2\"><div class=\"con-kit-atom-plain-text\" data-font-kit-type=\"l\"><div class=\"con-kit-component-text\" data-text-prop=\"text\" data-font-kit-type=\"l\"><div class=\"con-kit-quark con-kit-quark-paragraph\" data-quark=\"block\" data-font-kit-type=\"xl\" data-kit-align-horizontal=\"left\" data-block-key=\"8r4b3\"><div class=\"con-kit-atom-plain-text\" data-font-kit-type=\"xl\"><div class=\"con-kit-component-text\" data-text-prop=\"text\" data-font-kit-type=\"xl\"><div class=\"con-kit-quark con-kit-quark-paragraph\" data-quark=\"block\" data-font-kit-type=\"xl\" data-block-key=\"8r4b3\">Zypern und ist die <span data-inline-style=\"bold\">drittgr\u00f6\u00dfe Insel im Mittelmeer<\/span> und liegt im Schnittpunkt dreier Kontinente. Von den wichtigsten Zentren West- und Osteuropas, des Mittleren Ostens und Afrikas ist Zypern weniger als 4 Flugstunden entfernt. Neben der Hauptstadt Nicosia spielen Larnaca und Limassol als Tourismus- und Wirtschaftszentren eine bedeutende Rolle f\u00fcr Zypern. <span data-inline-style=\"bold\">Amtssprachen sind Griechisch und Englisch.<\/span> Die Gesamteinwohnerzahl der Insel Zypern betr\u00e4gt ca. 1.042.000, wovon 72% griechische Zyprer sind. Im Norden Zyperns befindet sich seit 1974 ein von der T\u00fcrkei besetztes Gebiet namens \u201eT\u00fcrkische Republik Nordzypern\u201c, welches international nur von der T\u00fcrkei anerkannt wird. Aufgrund der faktischen Teilung der Insel und damit dem Wegfall der wichtigsten Tourismuszentren wie Famagusta hat Zypern Finanzdienstleistungen als neuen Wirtschaftsmotor f\u00fcr sich entdeckt und blickt mittlerweile auf eine <span data-inline-style=\"bold\">lange Tradition als internationaler Finanzplatz<\/span> zur\u00fcck. Dabei ist Zypern als Finanzplatz besser als sein Ruf und keineswegs nur Anlaufstelle f\u00fcr russische Oligarchen.<\/div><\/div><\/div><div class=\"con-kit-component-spacer\">\u00a0<\/div><\/div><\/div><\/div><\/div><\/div><\/div><\/div>\t\t\t\t\t\t\t\t<\/div>\n\t\t\t\t\t<\/div>\n\t\t\t\t<\/div>\n\t\t<div class=\"elementor-element elementor-element-a5e7b71 e-flex e-con-boxed wpr-particle-no wpr-jarallax-no wpr-parallax-no wpr-sticky-section-no e-con e-parent\" data-id=\"a5e7b71\" data-element_type=\"container\" data-e-type=\"container\">\n\t\t\t\t\t<div class=\"e-con-inner\">\n\t\t<div class=\"elementor-element elementor-element-1eccb5e e-con-full e-flex wpr-particle-no wpr-jarallax-no wpr-parallax-no wpr-sticky-section-no e-con e-child\" data-id=\"1eccb5e\" data-element_type=\"container\" data-e-type=\"container\">\n\t\t\t\t<div class=\"elementor-element elementor-element-7e34a47 elementor-widget elementor-widget-heading\" data-id=\"7e34a47\" data-element_type=\"widget\" data-e-type=\"widget\" data-widget_type=\"heading.default\">\n\t\t\t\t\t<h2 class=\"elementor-heading-title elementor-size-default\">EU-Mitgliedschaft und Investitionsumfeld auf Zypern.\n<\/h2>\t\t\t\t<\/div>\n\t\t\t\t<div class=\"elementor-element elementor-element-dfe81c8 elementor-widget elementor-widget-text-editor\" data-id=\"dfe81c8\" data-element_type=\"widget\" data-e-type=\"widget\" data-widget_type=\"text-editor.default\">\n\t\t\t\t\t\t\t\t\t<div class=\"con-kit-quark con-kit-quark-paragraph\" data-quark=\"block\" data-font-kit-type=\"xl\" data-block-key=\"8r4b3\">Seit 1. Mai 2004 ist Zypern vollwertiges EU-Mitglied, offizielles Zahlungsmittel ist der Euro.<\/div><div class=\"con-kit-quark con-kit-quark-paragraph\" data-quark=\"block\" data-font-kit-type=\"xl\" data-block-key=\"8r4b3\">\u00a0<\/div><div class=\"con-kit-quark con-kit-quark-paragraph\" data-quark=\"block\" data-font-kit-type=\"xl\" data-block-key=\"2ebu5\">Die Wirtschaftsverfassung der Republik Zypern ist eine liberale Marktwirtschaft. Zypern ist bestrebt, seine europ\u00e4ische und internationale Wettbewerbsf\u00e4higkeit zu best\u00e4tigen und zu st\u00e4rken und als EU-Mitgliedstaat seine Br\u00fcckenfunktion in den Nahen und Mittleren Osten auszubauen.<\/div><div class=\"con-kit-quark con-kit-quark-paragraph\" data-quark=\"block\" data-font-kit-type=\"xl\" data-block-key=\"2ebu5\">\u00a0<\/div><div class=\"con-kit-quark con-kit-quark-paragraph\" data-quark=\"block\" data-font-kit-type=\"xl\" data-block-key=\"7sgnb\">Zypern ist ein weltweit anerkanntes Zentrum des Handels und der Finanzen, es bietet als Mitglied der Vereinten Nationen, des Commonwealth und des Europarates ein interessantes Steuersystem und verf\u00fcgt \u00fcber zahlreiche Doppelbesteuerungsabkommen mit wichtigen Industrienationen ebenso wie mit Offshorejurisdiktionen wie den Seychellen. Es bietet ein investitionsfreundliches Umfeld und ist eine f\u00fchrende Gerichtsbarkeit f\u00fcr Holding-, Finanz-, Lizenzgeb\u00fchren- und Handelsunternehmen. Zypern bietet die ideale Plattform f\u00fcr internationale Gesch\u00e4ftst\u00e4tigkeiten.<\/div><div class=\"con-kit-quark con-kit-quark-paragraph\" data-quark=\"block\" data-font-kit-type=\"xl\" data-block-key=\"7sgnb\">\u00a0<\/div><div class=\"con-kit-quark con-kit-quark-paragraph\" data-quark=\"block\" data-font-kit-type=\"xl\" data-block-key=\"4sf2c\">Zypern weist eine minimale Kriminalit\u00e4tsrate auf. Beispielsweise im Bereich \u201eFrauds by trustees and persons in a position of trust and false accounting\u201c, also Betrug durch Treuh\u00e4nder, weist die offizielle Kriminalit\u00e4tsstatistik der Polizei Zypern f\u00fcr die Jahre 2011 bis 2013 .keine einzige Straftat auf. Das Geld von Investoren ist also auf Zypern in sicheren H\u00e4nden.<\/div>\t\t\t\t\t\t\t\t<\/div>\n\t\t\t\t<\/div>\n\t\t<div class=\"elementor-element elementor-element-72872f9 e-con-full e-flex wpr-particle-no wpr-jarallax-no wpr-parallax-no wpr-sticky-section-no e-con e-child\" data-id=\"72872f9\" data-element_type=\"container\" data-e-type=\"container\">\n\t\t\t\t<div class=\"elementor-element elementor-element-323b426 elementor-widget-divider--view-line elementor-widget elementor-widget-divider\" data-id=\"323b426\" data-element_type=\"widget\" data-e-type=\"widget\" data-widget_type=\"divider.default\">\n\t\t\t\t\t\t\t<div class=\"elementor-divider\">\n\t\t\t<span class=\"elementor-divider-separator\">\n\t\t\t\t\t\t<\/span>\n\t\t<\/div>\n\t\t\t\t\t\t<\/div>\n\t\t\t\t<div class=\"elementor-element elementor-element-f9047df elementor-widget elementor-widget-image\" data-id=\"f9047df\" data-element_type=\"widget\" data-e-type=\"widget\" data-widget_type=\"image.default\">\n\t\t\t\t\t\t\t\t\t\t\t\t\t\t\t<img fetchpriority=\"high\" decoding=\"async\" width=\"700\" height=\"475\" src=\"https:\/\/nachzypernauswandern.com\/wp-content\/uploads\/2025\/08\/sm2x.jpg\" class=\"attachment-large size-large wp-image-385\" alt=\"\" srcset=\"https:\/\/nachzypernauswandern.com\/wp-content\/uploads\/2025\/08\/sm2x.jpg 700w, https:\/\/nachzypernauswandern.com\/wp-content\/uploads\/2025\/08\/sm2x-300x204.jpg 300w, https:\/\/nachzypernauswandern.com\/wp-content\/uploads\/2025\/08\/sm2x-18x12.jpg 18w\" sizes=\"(max-width: 700px) 100vw, 700px\" \/>\t\t\t\t\t\t\t\t\t\t\t\t\t\t\t<\/div>\n\t\t\t\t<\/div>\n\t\t\t\t\t<\/div>\n\t\t\t\t<\/div>\n\t\t<div class=\"elementor-element elementor-element-4824f95 e-flex e-con-boxed wpr-particle-no wpr-jarallax-no wpr-parallax-no wpr-sticky-section-no e-con e-parent\" data-id=\"4824f95\" data-element_type=\"container\" data-e-type=\"container\">\n\t\t\t\t\t<div class=\"e-con-inner\">\n\t\t\t\t<div class=\"elementor-element elementor-element-1e82830 elementor-align-center animated-slow elementor-invisible elementor-widget elementor-widget-button\" data-id=\"1e82830\" data-element_type=\"widget\" data-e-type=\"widget\" data-settings=\"{&quot;_animation&quot;:&quot;bounce&quot;}\" data-widget_type=\"button.default\">\n\t\t\t\t\t\t\t\t\t\t<a class=\"elementor-button elementor-button-link elementor-size-sm\" href=\"https:\/\/calendly.com\/florianwilk\/erstgesprach-mit-einer-mitarbeiterin-der-cmc\">\n\t\t\t\t\t\t<span class=\"elementor-button-content-wrapper\">\n\t\t\t\t\t\t\t\t\t<span class=\"elementor-button-text\">Jetzt kostenlose Beratung erhalten<\/span>\n\t\t\t\t\t<\/span>\n\t\t\t\t\t<\/a>\n\t\t\t\t\t\t\t\t<\/div>\n\t\t\t\t\t<\/div>\n\t\t\t\t<\/div>\n\t\t\t\t<\/div>\n\t\t\n    <div class=\"xs_social_share_widget xs_share_url after_content \t\tmain_content  wslu-style-1 wslu-share-box-shaped wslu-fill-colored wslu-none wslu-share-horizontal wslu-theme-font-no wslu-main_content\">\n\n\t\t\n        <ul>\n\t\t\t        <\/ul>\n    <\/div>","protected":false},"excerpt":{"rendered":"<p>Standort Zypern Zypern und ist die drittgr\u00f6\u00dfe Insel im Mittelmeer und liegt im Schnittpunkt dreier Kontinente. Von den wichtigsten Zentren West- und Osteuropas, des Mittleren Ostens und Afrikas ist Zypern weniger als 4 Flugstunden entfernt. Neben der Hauptstadt Nicosia spielen Larnaca und Limassol als Tourismus- und Wirtschaftszentren eine bedeutende Rolle f\u00fcr Zypern. Amtssprachen sind Griechisch und Englisch. Die Gesamteinwohnerzahl der Insel Zypern betr\u00e4gt ca. 1.042.000, wovon 72% griechische Zyprer sind. Im Norden Zyperns befindet sich seit 1974 ein von der T\u00fcrkei besetztes Gebiet namens \u201eT\u00fcrkische Republik Nordzypern\u201c, welches international nur von der T\u00fcrkei anerkannt wird. Aufgrund der faktischen Teilung der Insel und damit dem Wegfall der wichtigsten Tourismuszentren wie Famagusta hat Zypern Finanzdienstleistungen als neuen Wirtschaftsmotor f\u00fcr sich entdeckt und blickt mittlerweile auf eine lange Tradition als internationaler Finanzplatz zur\u00fcck. Dabei ist Zypern als Finanzplatz besser als sein Ruf und keineswegs nur Anlaufstelle f\u00fcr russische Oligarchen.\u00a0 EU-Mitgliedschaft und Investitionsumfeld auf Zypern. Seit 1. Mai 2004 ist Zypern vollwertiges EU-Mitglied, offizielles Zahlungsmittel ist der Euro.\u00a0Die Wirtschaftsverfassung der Republik Zypern ist eine liberale Marktwirtschaft. Zypern ist bestrebt, seine europ\u00e4ische und internationale Wettbewerbsf\u00e4higkeit zu best\u00e4tigen und zu st\u00e4rken und als EU-Mitgliedstaat seine Br\u00fcckenfunktion in den Nahen und Mittleren Osten auszubauen.\u00a0Zypern ist ein weltweit anerkanntes Zentrum des Handels und der Finanzen, es bietet als Mitglied der Vereinten Nationen, des Commonwealth und des Europarates ein interessantes Steuersystem und verf\u00fcgt \u00fcber zahlreiche Doppelbesteuerungsabkommen mit wichtigen Industrienationen ebenso wie mit Offshorejurisdiktionen wie den Seychellen. Es bietet ein investitionsfreundliches Umfeld und ist eine f\u00fchrende Gerichtsbarkeit f\u00fcr Holding-, Finanz-, Lizenzgeb\u00fchren- und Handelsunternehmen. Zypern bietet die ideale Plattform f\u00fcr internationale Gesch\u00e4ftst\u00e4tigkeiten.\u00a0Zypern weist eine minimale Kriminalit\u00e4tsrate auf. Beispielsweise im Bereich \u201eFrauds by trustees and persons in a position of trust and false accounting\u201c, also Betrug durch Treuh\u00e4nder, weist die offizielle Kriminalit\u00e4tsstatistik der Polizei Zypern f\u00fcr die Jahre 2011 bis 2013 .keine einzige Straftat auf. Das Geld von Investoren ist also auf Zypern in sicheren H\u00e4nden. Get Free Consultation Now<\/p>","protected":false},"author":1,"featured_media":0,"parent":0,"menu_order":0,"comment_status":"closed","ping_status":"closed","template":"","meta":{"postBodyCss":"","postBodyMargin":[],"postBodyPadding":[],"postBodyBackground":{"backgroundType":"classic","gradient":""},"footnotes":""},"class_list":["post-274","page","type-page","status-publish","hentry"],"_links":{"self":[{"href":"https:\/\/nachzypernauswandern.com\/de\/wp-json\/wp\/v2\/pages\/274","targetHints":{"allow":["GET"]}}],"collection":[{"href":"https:\/\/nachzypernauswandern.com\/de\/wp-json\/wp\/v2\/pages"}],"about":[{"href":"https:\/\/nachzypernauswandern.com\/de\/wp-json\/wp\/v2\/types\/page"}],"author":[{"embeddable":true,"href":"https:\/\/nachzypernauswandern.com\/de\/wp-json\/wp\/v2\/users\/1"}],"replies":[{"embeddable":true,"href":"https:\/\/nachzypernauswandern.com\/de\/wp-json\/wp\/v2\/comments?post=274"}],"version-history":[{"count":4,"href":"https:\/\/nachzypernauswandern.com\/de\/wp-json\/wp\/v2\/pages\/274\/revisions"}],"predecessor-version":[{"id":388,"href":"https:\/\/nachzypernauswandern.com\/de\/wp-json\/wp\/v2\/pages\/274\/revisions\/388"}],"wp:attachment":[{"href":"https:\/\/nachzypernauswandern.com\/de\/wp-json\/wp\/v2\/media?parent=274"}],"curies":[{"name":"wp","href":"https:\/\/api.w.org\/{rel}","templated":true}]}}