{"id":278,"date":"2025-08-05T23:26:11","date_gmt":"2025-08-05T23:26:11","guid":{"rendered":"https:\/\/nachzypernauswandern.com\/?page_id=278"},"modified":"2025-08-15T13:10:34","modified_gmt":"2025-08-15T13:10:34","slug":"2-5-tax","status":"publish","type":"page","link":"https:\/\/nachzypernauswandern.com\/de\/2-5-tax\/","title":{"rendered":"2,5 % Steuern"},"content":{"rendered":"<div data-elementor-type=\"wp-page\" data-elementor-id=\"278\" class=\"elementor elementor-278\">\n\t\t\t\t<div class=\"elementor-element elementor-element-140a0dd e-flex e-con-boxed wpr-particle-no wpr-jarallax-no wpr-parallax-no wpr-sticky-section-no e-con e-parent\" data-id=\"140a0dd\" data-element_type=\"container\" data-e-type=\"container\" data-settings=\"{&quot;background_background&quot;:&quot;classic&quot;}\">\n\t\t\t\t\t<div class=\"e-con-inner\">\n\t\t\t\t<div class=\"elementor-element elementor-element-909f54c elementor-widget elementor-widget-spacer\" data-id=\"909f54c\" data-element_type=\"widget\" data-e-type=\"widget\" data-widget_type=\"spacer.default\">\n\t\t\t\t\t\t\t<div class=\"elementor-spacer\">\n\t\t\t<div class=\"elementor-spacer-inner\"><\/div>\n\t\t<\/div>\n\t\t\t\t\t\t<\/div>\n\t\t\t\t<div class=\"elementor-element elementor-element-e34e7cc elementor-widget elementor-widget-heading\" data-id=\"e34e7cc\" data-element_type=\"widget\" data-e-type=\"widget\" data-widget_type=\"heading.default\">\n\t\t\t\t\t<h2 class=\"elementor-heading-title elementor-size-default\">2,5 % Steuern<\/h2>\t\t\t\t<\/div>\n\t\t\t\t<div class=\"elementor-element elementor-element-0b77e4f elementor-widget elementor-widget-spacer\" data-id=\"0b77e4f\" data-element_type=\"widget\" data-e-type=\"widget\" data-widget_type=\"spacer.default\">\n\t\t\t\t\t\t\t<div class=\"elementor-spacer\">\n\t\t\t<div class=\"elementor-spacer-inner\"><\/div>\n\t\t<\/div>\n\t\t\t\t\t\t<\/div>\n\t\t\t\t\t<\/div>\n\t\t\t\t<\/div>\n\t\t<div class=\"elementor-element elementor-element-343affb e-flex e-con-boxed wpr-particle-no wpr-jarallax-no wpr-parallax-no wpr-sticky-section-no e-con e-parent\" data-id=\"343affb\" data-element_type=\"container\" data-e-type=\"container\">\n\t\t\t\t\t<div class=\"e-con-inner\">\n\t\t\t\t<div class=\"elementor-element elementor-element-53f5430 elementor-widget elementor-widget-text-editor\" data-id=\"53f5430\" data-element_type=\"widget\" data-e-type=\"widget\" data-widget_type=\"text-editor.default\">\n\t\t\t\t\t\t\t\t\t<div class=\"con-kit-quark con-kit-quark-paragraph\" data-quark=\"block\" data-font-kit-type=\"l\" data-kit-align-horizontal=\"left\" data-block-key=\"8r4b3\">2,5% K\u00f6rperschaftssteuer f\u00fcr bestimmte Branchen.<\/div>\t\t\t\t\t\t\t\t<\/div>\n\t\t\t\t<div class=\"elementor-element elementor-element-8406cfc elementor-widget elementor-widget-text-editor\" data-id=\"8406cfc\" data-element_type=\"widget\" data-e-type=\"widget\" data-widget_type=\"text-editor.default\">\n\t\t\t\t\t\t\t\t\t<div class=\"con-kit-atom-plain-text\" data-font-kit-type=\"l\"><div class=\"con-kit-component-text\" data-text-prop=\"text\" data-font-kit-type=\"l\"><div class=\"con-kit-quark con-kit-quark-paragraph\" data-quark=\"block\" data-font-kit-type=\"l\" data-kit-align-horizontal=\"left\" data-block-key=\"cg26h\"><div class=\"con-kit-quark con-kit-quark-paragraph\" data-quark=\"block\" data-font-kit-type=\"l\" data-kit-align-horizontal=\"left\" data-block-key=\"3ids2\"><span class=\"con-kit-quark con-kit-quark-color\">Der allgemeine K\u00f6rperschaftssteuersatz auf Zypern betr\u00e4gt 12,5%. Allerdings gibt es eine \u00e4u\u00dferst interessante Ausnahmeregelung, welche Zypern zu einem \u00e4u\u00dferst attraktiven Standort macht.<\/span><\/div><div class=\"con-kit-quark con-kit-quark-paragraph\" data-quark=\"block\" data-font-kit-type=\"l\" data-kit-align-horizontal=\"left\" data-block-key=\"6gnll\"><span class=\"con-kit-quark con-kit-quark-color\">Unternehmen, die Lizenzen und Rechte handeln, also Eink\u00fcnfte aus geistigem Eigentum (Intellectual Property) beziehen, zahlen effektiv nur 2,5% Steuern in der Republik Zypern.<\/span><\/div><div class=\"con-kit-quark con-kit-quark-paragraph\" data-quark=\"block\" data-font-kit-type=\"l\" data-kit-align-horizontal=\"left\" data-block-key=\"c56eb\"><span class=\"con-kit-quark con-kit-quark-color\">Zypern ist damit ein hervorragender Standort f\u00fcr Unternehmen zur Verwaltung von geistigem Eigentum wie Urheberrechten, Markenrechten, Patentrechten etc.<\/span><\/div><\/div><\/div><\/div>\t\t\t\t\t\t\t\t<\/div>\n\t\t\t\t\t<\/div>\n\t\t\t\t<\/div>\n\t\t<div class=\"elementor-element elementor-element-a0edb50 e-flex e-con-boxed wpr-particle-no wpr-jarallax-no wpr-parallax-no wpr-sticky-section-no e-con e-parent\" data-id=\"a0edb50\" data-element_type=\"container\" data-e-type=\"container\" data-settings=\"{&quot;background_background&quot;:&quot;classic&quot;}\">\n\t\t\t\t\t<div class=\"e-con-inner\">\n\t\t<div class=\"elementor-element elementor-element-edc58fd e-con-full e-flex wpr-particle-no wpr-jarallax-no wpr-parallax-no wpr-sticky-section-no e-con e-child\" data-id=\"edc58fd\" data-element_type=\"container\" data-e-type=\"container\" data-settings=\"{&quot;background_background&quot;:&quot;classic&quot;}\">\n\t\t\t\t<div class=\"elementor-element elementor-element-23b020d elementor-widget elementor-widget-heading\" data-id=\"23b020d\" data-element_type=\"widget\" data-e-type=\"widget\" data-widget_type=\"heading.default\">\n\t\t\t\t\t<h2 class=\"elementor-heading-title elementor-size-default\">Vorraussetzungen<\/h2>\t\t\t\t<\/div>\n\t\t\t\t<div class=\"elementor-element elementor-element-15b561b elementor-widget-divider--view-line elementor-widget elementor-widget-divider\" data-id=\"15b561b\" data-element_type=\"widget\" data-e-type=\"widget\" data-widget_type=\"divider.default\">\n\t\t\t\t\t\t\t<div class=\"elementor-divider\">\n\t\t\t<span class=\"elementor-divider-separator\">\n\t\t\t\t\t\t<\/span>\n\t\t<\/div>\n\t\t\t\t\t\t<\/div>\n\t\t\t\t<div class=\"elementor-element elementor-element-2225382 elementor-widget elementor-widget-text-editor\" data-id=\"2225382\" data-element_type=\"widget\" data-e-type=\"widget\" data-widget_type=\"text-editor.default\">\n\t\t\t\t\t\t\t\t\t<div class=\"con-kit-atom-plain-text\" data-font-kit-type=\"m\"><div class=\"con-kit-component-text\" data-text-prop=\"text\" data-font-kit-type=\"m\"><div class=\"con-kit-quark con-kit-quark-paragraph\" data-quark=\"block\" data-font-kit-type=\"m\" data-block-key=\"8r4b3\"><div class=\"con-kit-quark con-kit-quark-paragraph\" data-quark=\"block\" data-font-kit-type=\"l\" data-kit-align-horizontal=\"left\" data-block-key=\"8r4b3\"><div class=\"con-kit-quark con-kit-quark-paragraph\" data-quark=\"block\" data-font-kit-type=\"m\" data-kit-align-horizontal=\"left\" data-block-key=\"8r4b3\">Das geistige Eigentum, Schutz oder Patentrecht wodurch Einkommen erzielt werden, muss sich im Besitz der zypriotischen Gesellschaft befinden bzw. auf diese \u00fcbertragen werden.<\/div><div data-quark=\"block\" data-font-kit-type=\"m\" data-kit-align-horizontal=\"left\" data-block-key=\"8r4b3\">\u00a0<\/div><div class=\"con-kit-quark con-kit-quark-paragraph\" data-quark=\"block\" data-font-kit-type=\"m\" data-kit-align-horizontal=\"left\" data-block-key=\"823kq\">Die Abschreibung der Entwicklungskosten oder Erwerbskosten erfolgt \u00fcber 5 Jahre zu 20 % j\u00e4hrlich.<\/div><\/div><\/div><\/div><\/div>\t\t\t\t\t\t\t\t<\/div>\n\t\t\t\t<\/div>\n\t\t\t\t\t<\/div>\n\t\t\t\t<\/div>\n\t\t<div class=\"elementor-element elementor-element-587ac15 e-flex e-con-boxed wpr-particle-no wpr-jarallax-no wpr-parallax-no wpr-sticky-section-no e-con e-parent\" data-id=\"587ac15\" data-element_type=\"container\" data-e-type=\"container\">\n\t\t\t\t\t<div class=\"e-con-inner\">\n\t\t\t\t<div class=\"elementor-element elementor-element-4da2b90 elementor-align-center animated-slow elementor-invisible elementor-widget elementor-widget-button\" data-id=\"4da2b90\" data-element_type=\"widget\" data-e-type=\"widget\" data-settings=\"{&quot;_animation&quot;:&quot;bounce&quot;}\" data-widget_type=\"button.default\">\n\t\t\t\t\t\t\t\t\t\t<a class=\"elementor-button elementor-button-link elementor-size-sm\" href=\"https:\/\/calendly.com\/florianwilk\/erstgesprach-mit-einer-mitarbeiterin-der-cmc\">\n\t\t\t\t\t\t<span class=\"elementor-button-content-wrapper\">\n\t\t\t\t\t\t\t\t\t<span class=\"elementor-button-text\">Jetzt kostenlose Beratung erhalten<\/span>\n\t\t\t\t\t<\/span>\n\t\t\t\t\t<\/a>\n\t\t\t\t\t\t\t\t<\/div>\n\t\t\t\t\t<\/div>\n\t\t\t\t<\/div>\n\t\t\t\t<\/div>\n\t\t\n    <div class=\"xs_social_share_widget xs_share_url after_content \t\tmain_content  wslu-style-1 wslu-share-box-shaped wslu-fill-colored wslu-none wslu-share-horizontal wslu-theme-font-no wslu-main_content\">\n\n\t\t\n        <ul>\n\t\t\t        <\/ul>\n    <\/div>","protected":false},"excerpt":{"rendered":"<p>2.5% tax 2,5% K\u00f6rperschaftssteuer f\u00fcr bestimmte Branchen.Der allgemeine K\u00f6rperschaftssteuersatz auf Zypern betr\u00e4gt 12,5%. Allerdings gibt es eine \u00e4u\u00dferst interessante Ausnahmeregelung, welche Zypern zu einem \u00e4u\u00dferst attraktiven Standort macht.Unternehmen, die Lizenzen und Rechte handeln, also Eink\u00fcnfte aus geistigem Eigentum (Intellectual Property) beziehen, zahlen effektiv nur 2,5% Steuern in der Republik Zypern.Zypern ist damit ein hervorragender Standort f\u00fcr Unternehmen zur Verwaltung von geistigem Eigentum wie Urheberrechten, Markenrechten, Patentrechten etc. Vorraussetzungen Das geistige Eigentum, Schutz oder Patentrecht wodurch Einkommen erzielt werden, muss sich im Besitz der zypriotischen Gesellschaft befinden bzw. auf diese \u00fcbertragen werden.\u00a0Die Abschreibung der Entwicklungskosten oder Erwerbskosten erfolgt \u00fcber 5 Jahre zu 20 % j\u00e4hrlich. Get Free Consultation Now<\/p>","protected":false},"author":1,"featured_media":0,"parent":0,"menu_order":0,"comment_status":"closed","ping_status":"closed","template":"","meta":{"postBodyCss":"","postBodyMargin":[],"postBodyPadding":[],"postBodyBackground":{"backgroundType":"classic","gradient":""},"footnotes":""},"class_list":["post-278","page","type-page","status-publish","hentry"],"_links":{"self":[{"href":"https:\/\/nachzypernauswandern.com\/de\/wp-json\/wp\/v2\/pages\/278","targetHints":{"allow":["GET"]}}],"collection":[{"href":"https:\/\/nachzypernauswandern.com\/de\/wp-json\/wp\/v2\/pages"}],"about":[{"href":"https:\/\/nachzypernauswandern.com\/de\/wp-json\/wp\/v2\/types\/page"}],"author":[{"embeddable":true,"href":"https:\/\/nachzypernauswandern.com\/de\/wp-json\/wp\/v2\/users\/1"}],"replies":[{"embeddable":true,"href":"https:\/\/nachzypernauswandern.com\/de\/wp-json\/wp\/v2\/comments?post=278"}],"version-history":[{"count":7,"href":"https:\/\/nachzypernauswandern.com\/de\/wp-json\/wp\/v2\/pages\/278\/revisions"}],"predecessor-version":[{"id":347,"href":"https:\/\/nachzypernauswandern.com\/de\/wp-json\/wp\/v2\/pages\/278\/revisions\/347"}],"wp:attachment":[{"href":"https:\/\/nachzypernauswandern.com\/de\/wp-json\/wp\/v2\/media?parent=278"}],"curies":[{"name":"wp","href":"https:\/\/api.w.org\/{rel}","templated":true}]}}