{"id":288,"date":"2025-08-05T23:27:22","date_gmt":"2025-08-05T23:27:22","guid":{"rendered":"https:\/\/nachzypernauswandern.com\/?page_id=288"},"modified":"2026-03-16T07:02:57","modified_gmt":"2026-03-16T07:02:57","slug":"for-tax-advisors","status":"publish","type":"page","link":"https:\/\/nachzypernauswandern.com\/de\/for-tax-advisors\/","title":{"rendered":"F\u00fcr Steuerberater"},"content":{"rendered":"<div data-elementor-type=\"wp-page\" data-elementor-id=\"288\" class=\"elementor elementor-288\">\n\t\t\t\t<div class=\"elementor-element elementor-element-78b607d e-flex e-con-boxed wpr-particle-no wpr-jarallax-no wpr-parallax-no wpr-sticky-section-no e-con e-parent\" data-id=\"78b607d\" data-element_type=\"container\" data-e-type=\"container\" data-settings=\"{&quot;background_background&quot;:&quot;classic&quot;}\">\n\t\t\t\t\t<div class=\"e-con-inner\">\n\t\t\t\t<div class=\"elementor-element elementor-element-3d8d3b6 elementor-widget elementor-widget-spacer\" data-id=\"3d8d3b6\" data-element_type=\"widget\" data-e-type=\"widget\" data-widget_type=\"spacer.default\">\n\t\t\t\t\t\t\t<div class=\"elementor-spacer\">\n\t\t\t<div class=\"elementor-spacer-inner\"><\/div>\n\t\t<\/div>\n\t\t\t\t\t\t<\/div>\n\t\t\t\t<div class=\"elementor-element elementor-element-84a1dd8 elementor-widget elementor-widget-heading\" data-id=\"84a1dd8\" data-element_type=\"widget\" data-e-type=\"widget\" data-widget_type=\"heading.default\">\n\t\t\t\t\t<h2 class=\"elementor-heading-title elementor-size-default\">F\u00fcr Steuerberater<\/h2>\t\t\t\t<\/div>\n\t\t\t\t<div class=\"elementor-element elementor-element-ed1a44a elementor-widget elementor-widget-spacer\" data-id=\"ed1a44a\" data-element_type=\"widget\" data-e-type=\"widget\" data-widget_type=\"spacer.default\">\n\t\t\t\t\t\t\t<div class=\"elementor-spacer\">\n\t\t\t<div class=\"elementor-spacer-inner\"><\/div>\n\t\t<\/div>\n\t\t\t\t\t\t<\/div>\n\t\t\t\t\t<\/div>\n\t\t\t\t<\/div>\n\t\t<div class=\"elementor-element elementor-element-d732ab7 e-flex e-con-boxed wpr-particle-no wpr-jarallax-no wpr-parallax-no wpr-sticky-section-no e-con e-parent\" data-id=\"d732ab7\" data-element_type=\"container\" data-e-type=\"container\">\n\t\t\t\t\t<div class=\"e-con-inner\">\n\t\t\t\t<div class=\"elementor-element elementor-element-b085d31 elementor-widget elementor-widget-text-editor\" data-id=\"b085d31\" data-element_type=\"widget\" data-e-type=\"widget\" data-widget_type=\"text-editor.default\">\n\t\t\t\t\t\t\t\t\t<div class=\"con-kit-quark con-kit-quark-paragraph\" data-quark=\"block\" data-font-kit-type=\"l\" data-kit-align-horizontal=\"left\" data-block-key=\"8r4b3\"><p>Informationen f\u00fcr Steuerberater und Rechtsanw\u00e4lte.<\/p><p>Die Zufriedenheit und die Langfristigkeit in der Beziehung zu unseren Mandanten ist unser wichtigstes Ziel \u2013 Ihre Weiterempfehlung ist unser gr\u00f6\u00dftes Kompliment.<\/p><p>Unser attraktives Angebot ist gerichtet an Berufsgruppen wie Rechtsanw\u00e4lte, Steuerberater und andere beratende Berufe \u2013 also Unternehmen im t\u00e4glichen Umgang mit Menschen, welche aus den verschiedensten Motivationen heraus legal Steuern sparen m\u00f6chten oder eine Verm\u00f6genssicherung suchen.<\/p><p>Erg\u00e4nzen Sie Ihre Produktpalette durch unseren Service.<\/p><p>Was k\u00f6nnen wir Ihnen als Weiterverk\u00e4ufer anbieten?<\/p><p>Wir sind an zuverl\u00e4ssigen Gesch\u00e4ftspartnern interessiert und unterst\u00fctzen Sie mit unserer langj\u00e4hrigen Erfahrung.<\/p><p>Nehmen Sie bitte Kontakt zu uns auf.<\/p><\/div>\t\t\t\t\t\t\t\t<\/div>\n\t\t\t\t\t<\/div>\n\t\t\t\t<\/div>\n\t\t<div class=\"elementor-element elementor-element-6a95b0d e-flex e-con-boxed wpr-particle-no wpr-jarallax-no wpr-parallax-no wpr-sticky-section-no e-con e-parent\" data-id=\"6a95b0d\" data-element_type=\"container\" data-e-type=\"container\">\n\t\t\t\t\t<div class=\"e-con-inner\">\n\t\t\t\t<div class=\"elementor-element elementor-element-660fc64 elementor-align-center elementor-widget elementor-widget-button\" data-id=\"660fc64\" data-element_type=\"widget\" data-e-type=\"widget\" data-widget_type=\"button.default\">\n\t\t\t\t\t\t\t\t\t\t<a class=\"elementor-button elementor-button-link elementor-size-sm\" href=\"https:\/\/calendly.com\/florianwilk\/erstgesprach-mit-einer-mitarbeiterin-der-cmc\">\n\t\t\t\t\t\t<span class=\"elementor-button-content-wrapper\">\n\t\t\t\t\t\t\t\t\t<span class=\"elementor-button-text\">Jetzt kostenlose Beratung erhalten<\/span>\n\t\t\t\t\t<\/span>\n\t\t\t\t\t<\/a>\n\t\t\t\t\t\t\t\t<\/div>\n\t\t\t\t\t<\/div>\n\t\t\t\t<\/div>\n\t\t\t\t<\/div>\n\t\t\n    <div class=\"xs_social_share_widget xs_share_url after_content \t\tmain_content  wslu-style-1 wslu-share-box-shaped wslu-fill-colored wslu-none wslu-share-horizontal wslu-theme-font-no wslu-main_content\">\n\n\t\t\n        <ul>\n\t\t\t        <\/ul>\n    <\/div>","protected":false},"excerpt":{"rendered":"<p>For tax advisors Information for tax advisors and lawyers. The satisfaction and long-term relationships of our clients are our top priority \u2013 your recommendation is our greatest compliment. Our attractive offer is aimed at professionals such as lawyers, tax advisors, and other consulting firms \u2013 in other words, companies that deal with people on a daily basis who, for a variety of reasons, want to legally save on taxes or protect their assets. Enhance your product range with our services. What can we offer you as a reseller? We are interested in reliable business partners and will support you with our many years of experience. Please contact us. Get Free Consultation Now<\/p>","protected":false},"author":1,"featured_media":0,"parent":0,"menu_order":0,"comment_status":"closed","ping_status":"closed","template":"","meta":{"postBodyCss":"","postBodyMargin":[],"postBodyPadding":[],"postBodyBackground":{"backgroundType":"classic","gradient":""},"footnotes":""},"class_list":["post-288","page","type-page","status-publish","hentry"],"_links":{"self":[{"href":"https:\/\/nachzypernauswandern.com\/de\/wp-json\/wp\/v2\/pages\/288","targetHints":{"allow":["GET"]}}],"collection":[{"href":"https:\/\/nachzypernauswandern.com\/de\/wp-json\/wp\/v2\/pages"}],"about":[{"href":"https:\/\/nachzypernauswandern.com\/de\/wp-json\/wp\/v2\/types\/page"}],"author":[{"embeddable":true,"href":"https:\/\/nachzypernauswandern.com\/de\/wp-json\/wp\/v2\/users\/1"}],"replies":[{"embeddable":true,"href":"https:\/\/nachzypernauswandern.com\/de\/wp-json\/wp\/v2\/comments?post=288"}],"version-history":[{"count":10,"href":"https:\/\/nachzypernauswandern.com\/de\/wp-json\/wp\/v2\/pages\/288\/revisions"}],"predecessor-version":[{"id":582,"href":"https:\/\/nachzypernauswandern.com\/de\/wp-json\/wp\/v2\/pages\/288\/revisions\/582"}],"wp:attachment":[{"href":"https:\/\/nachzypernauswandern.com\/de\/wp-json\/wp\/v2\/media?parent=288"}],"curies":[{"name":"wp","href":"https:\/\/api.w.org\/{rel}","templated":true}]}}