{"id":292,"date":"2025-08-05T23:27:51","date_gmt":"2025-08-05T23:27:51","guid":{"rendered":"https:\/\/nachzypernauswandern.com\/?page_id=292"},"modified":"2025-08-15T13:40:15","modified_gmt":"2025-08-15T13:40:15","slug":"eu-legislation","status":"publish","type":"page","link":"https:\/\/nachzypernauswandern.com\/de\/eu-legislation\/","title":{"rendered":"EU-Gesetzgebung"},"content":{"rendered":"<div data-elementor-type=\"wp-page\" data-elementor-id=\"292\" class=\"elementor elementor-292\">\n\t\t\t\t<div class=\"elementor-element elementor-element-599cb8e e-flex e-con-boxed wpr-particle-no wpr-jarallax-no wpr-parallax-no wpr-sticky-section-no e-con e-parent\" data-id=\"599cb8e\" data-element_type=\"container\" data-e-type=\"container\" data-settings=\"{&quot;background_background&quot;:&quot;classic&quot;}\">\n\t\t\t\t\t<div class=\"e-con-inner\">\n\t\t\t\t<div class=\"elementor-element elementor-element-f782638 elementor-widget elementor-widget-spacer\" data-id=\"f782638\" data-element_type=\"widget\" data-e-type=\"widget\" data-widget_type=\"spacer.default\">\n\t\t\t\t\t\t\t<div class=\"elementor-spacer\">\n\t\t\t<div class=\"elementor-spacer-inner\"><\/div>\n\t\t<\/div>\n\t\t\t\t\t\t<\/div>\n\t\t\t\t<div class=\"elementor-element elementor-element-73f987b elementor-widget elementor-widget-heading\" data-id=\"73f987b\" data-element_type=\"widget\" data-e-type=\"widget\" data-widget_type=\"heading.default\">\n\t\t\t\t\t<h2 class=\"elementor-heading-title elementor-size-default\">EU-Gesetzgebung<\/h2>\t\t\t\t<\/div>\n\t\t\t\t<div class=\"elementor-element elementor-element-9f03ae3 elementor-widget elementor-widget-spacer\" data-id=\"9f03ae3\" data-element_type=\"widget\" data-e-type=\"widget\" data-widget_type=\"spacer.default\">\n\t\t\t\t\t\t\t<div class=\"elementor-spacer\">\n\t\t\t<div class=\"elementor-spacer-inner\"><\/div>\n\t\t<\/div>\n\t\t\t\t\t\t<\/div>\n\t\t\t\t\t<\/div>\n\t\t\t\t<\/div>\n\t\t<div class=\"elementor-element elementor-element-e0ea410 e-flex e-con-boxed wpr-particle-no wpr-jarallax-no wpr-parallax-no wpr-sticky-section-no e-con e-parent\" data-id=\"e0ea410\" data-element_type=\"container\" data-e-type=\"container\">\n\t\t\t\t\t<div class=\"e-con-inner\">\n\t\t\t\t<div class=\"elementor-element elementor-element-d371525 elementor-widget elementor-widget-text-editor\" data-id=\"d371525\" data-element_type=\"widget\" data-e-type=\"widget\" data-widget_type=\"text-editor.default\">\n\t\t\t\t\t\t\t\t\t<p>Mit Ihrer Entscheidung, eine Gesellschaft in Zypern zu gr\u00fcnden, haben Sie die M\u00f6glichkeit einer legalen Steuergestaltung innerhalb der EU. Was in vielen L\u00e4ndern nicht m\u00f6glich ist \u2013 ist in Zypern t\u00e4gliche Praxis, so sind beispielsweise Ausgaben an Offshore Unternehmen (Seychellen, HongKong, BVI, Belize\u2026) anerkannt, Kombinationen aus Offshore Mutter und Onshore-Tochter Unternehmen sind v\u00f6llig legal anwendbar (Dividendenzahlungen der Tochter- an die Muttergesellschaft sind steuerfrei).<\/p>\t\t\t\t\t\t\t\t<\/div>\n\t\t\t\t\t<\/div>\n\t\t\t\t<\/div>\n\t\t<div class=\"elementor-element elementor-element-3e463ea e-flex e-con-boxed wpr-particle-no wpr-jarallax-no wpr-parallax-no wpr-sticky-section-no e-con e-parent\" data-id=\"3e463ea\" data-element_type=\"container\" data-e-type=\"container\" data-settings=\"{&quot;background_background&quot;:&quot;classic&quot;}\">\n\t\t\t\t\t<div class=\"e-con-inner\">\n\t\t<div class=\"elementor-element elementor-element-aca8fc5 e-con-full e-flex wpr-particle-no wpr-jarallax-no wpr-parallax-no wpr-sticky-section-no e-con e-child\" data-id=\"aca8fc5\" data-element_type=\"container\" data-e-type=\"container\" data-settings=\"{&quot;background_background&quot;:&quot;classic&quot;}\">\n\t\t\t\t<div class=\"elementor-element elementor-element-a683646 elementor-view-default elementor-widget elementor-widget-icon\" data-id=\"a683646\" data-element_type=\"widget\" data-e-type=\"widget\" data-widget_type=\"icon.default\">\n\t\t\t\t\t\t\t<div class=\"elementor-icon-wrapper\">\n\t\t\t<div class=\"elementor-icon\">\n\t\t\t<svg aria-hidden=\"true\" class=\"e-font-icon-svg e-far-smile-beam\" viewbox=\"0 0 496 512\" xmlns=\"http:\/\/www.w3.org\/2000\/svg\"><path d=\"M248 8C111 8 0 119 0 256s111 248 248 248 248-111 248-248S385 8 248 8zm0 448c-110.3 0-200-89.7-200-200S137.7 56 248 56s200 89.7 200 200-89.7 200-200 200zm84-143.4c-20.8 25-51.5 39.4-84 39.4s-63.2-14.3-84-39.4c-8.5-10.2-23.6-11.5-33.8-3.1-10.2 8.5-11.5 23.6-3.1 33.8 30 36 74.1 56.6 120.9 56.6s90.9-20.6 120.9-56.6c8.5-10.2 7.1-25.3-3.1-33.8-10.2-8.4-25.3-7.1-33.8 3.1zM136.5 211c7.7-13.7 19.2-21.6 31.5-21.6s23.8 7.9 31.5 21.6l9.5 17c2.1 3.7 6.2 4.7 9.3 3.7 3.6-1.1 6-4.5 5.7-8.3-3.3-42.1-32.2-71.4-56-71.4s-52.7 29.3-56 71.4c-.3 3.7 2.1 7.2 5.7 8.3 3.4 1.1 7.4-.5 9.3-3.7l9.5-17zM328 152c-23.8 0-52.7 29.3-56 71.4-.3 3.7 2.1 7.2 5.7 8.3 3.5 1.1 7.4-.5 9.3-3.7l9.5-17c7.7-13.7 19.2-21.6 31.5-21.6s23.8 7.9 31.5 21.6l9.5 17c2.1 3.7 6.2 4.7 9.3 3.7 3.6-1.1 6-4.5 5.7-8.3-3.3-42.1-32.2-71.4-56-71.4z\"><\/path><\/svg>\t\t\t<\/div>\n\t\t<\/div>\n\t\t\t\t\t\t<\/div>\n\t\t\t\t<div class=\"elementor-element elementor-element-5d137b4 elementor-widget elementor-widget-text-editor\" data-id=\"5d137b4\" data-element_type=\"widget\" data-e-type=\"widget\" data-widget_type=\"text-editor.default\">\n\t\t\t\t\t\t\t\t\t<div class=\"con-kit-atom-plain-text\" data-font-kit-type=\"m\"><div class=\"con-kit-component-text\" data-text-prop=\"text\" data-font-kit-type=\"m\"><div class=\"con-kit-quark con-kit-quark-paragraph\" data-quark=\"block\" data-font-kit-type=\"m\" data-block-key=\"8r4b3\"><div class=\"con-kit-quark con-kit-quark-paragraph\" data-quark=\"block\" data-font-kit-type=\"l\" data-kit-align-horizontal=\"left\" data-block-key=\"8r4b3\"><div class=\"con-kit-quark con-kit-quark-paragraph\" data-quark=\"block\" data-font-kit-type=\"m\" data-block-key=\"8r4b3\"><div class=\"con-kit-quark con-kit-quark-paragraph\" data-quark=\"block\" data-font-kit-type=\"m\" data-block-key=\"8r4b3\"><div class=\"con-kit-atom-plain-text\" data-font-kit-type=\"m\"><div class=\"con-kit-component-text\" data-text-prop=\"text\" data-font-kit-type=\"m\"><div class=\"con-kit-quark con-kit-quark-paragraph\" data-quark=\"block\" data-font-kit-type=\"m\" data-block-key=\"8r4b3\"><span class=\"con-kit-quark con-kit-quark-color\">Zypern hat mit 12,5% eine niedrige K\u00f6rperschaftssteuer, eine Null-Besteuerung auf Dividenden, sehr diskrete Banken und ein sicheres Treuhandgesetz machen Zypern unternehmerisch so attraktiv.<\/span><\/div><\/div><\/div><div class=\"con-kit-component-spacer\">\u00a0<\/div><\/div><\/div><\/div><\/div><\/div><\/div>\t\t\t\t\t\t\t\t<\/div>\n\t\t\t\t<\/div>\n\t\t\t\t\t<\/div>\n\t\t\t\t<\/div>\n\t\t<div class=\"elementor-element elementor-element-a969dce e-flex e-con-boxed wpr-particle-no wpr-jarallax-no wpr-parallax-no wpr-sticky-section-no e-con e-parent\" data-id=\"a969dce\" data-element_type=\"container\" data-e-type=\"container\" data-settings=\"{&quot;background_background&quot;:&quot;classic&quot;}\">\n\t\t\t\t\t<div class=\"e-con-inner\">\n\t\t<div class=\"elementor-element elementor-element-bee01c3 e-con-full e-flex wpr-particle-no wpr-jarallax-no wpr-parallax-no wpr-sticky-section-no e-con e-child\" data-id=\"bee01c3\" data-element_type=\"container\" data-e-type=\"container\" data-settings=\"{&quot;background_background&quot;:&quot;classic&quot;}\">\n\t\t\t\t<div class=\"elementor-element elementor-element-6ec73ef elementor-view-default elementor-widget elementor-widget-icon\" data-id=\"6ec73ef\" data-element_type=\"widget\" data-e-type=\"widget\" data-widget_type=\"icon.default\">\n\t\t\t\t\t\t\t<div class=\"elementor-icon-wrapper\">\n\t\t\t<div class=\"elementor-icon\">\n\t\t\t<i aria-hidden=\"true\" class=\"icon icon-document\"><\/i>\t\t\t<\/div>\n\t\t<\/div>\n\t\t\t\t\t\t<\/div>\n\t\t\t\t<div class=\"elementor-element elementor-element-176c4cb elementor-widget elementor-widget-text-editor\" data-id=\"176c4cb\" data-element_type=\"widget\" data-e-type=\"widget\" data-widget_type=\"text-editor.default\">\n\t\t\t\t\t\t\t\t\t<div class=\"con-kit-atom-plain-text\" data-font-kit-type=\"m\"><div class=\"con-kit-component-text\" data-text-prop=\"text\" data-font-kit-type=\"m\"><div class=\"con-kit-quark con-kit-quark-paragraph\" data-quark=\"block\" data-font-kit-type=\"m\" data-block-key=\"8r4b3\"><div class=\"con-kit-quark con-kit-quark-paragraph\" data-quark=\"block\" data-font-kit-type=\"l\" data-kit-align-horizontal=\"left\" data-block-key=\"8r4b3\"><div class=\"con-kit-quark con-kit-quark-paragraph\" data-quark=\"block\" data-font-kit-type=\"m\" data-block-key=\"8r4b3\"><div class=\"con-kit-quark con-kit-quark-paragraph\" data-quark=\"block\" data-font-kit-type=\"m\" data-block-key=\"8r4b3\"><div class=\"con-kit-atom-plain-text\" data-font-kit-type=\"m\"><div class=\"con-kit-component-text\" data-text-prop=\"text\" data-font-kit-type=\"m\"><div class=\"con-kit-quark con-kit-quark-paragraph\" data-quark=\"block\" data-font-kit-type=\"m\" data-block-key=\"8r4b3\"><div class=\"con-kit-atom-plain-text\" data-font-kit-type=\"m\"><div class=\"con-kit-component-text\" data-text-prop=\"text\" data-font-kit-type=\"m\"><div class=\"con-kit-quark con-kit-quark-paragraph\" data-quark=\"block\" data-font-kit-type=\"m\" data-block-key=\"8r4b3\"><span class=\"con-kit-quark con-kit-quark-color\">Die Steuern auf Gewinne auf Ver\u00e4u\u00dferungen von Firmen und die Erbschaft- bzw. Schenkungssteuer sind 0%. Zypern hat mit \u00fcber 50 L\u00e4ndern ein Doppelbesteuerungsabkommen (DBA). Alle relevanten EU Richtlinien werden konsequent eingehalten.Seit der Vollmitgliedschaft in der EU im Jahr 2004 hat Zypern im Rahmen der Gesetzesangleichung seine damaligen \u201eOffshore\u201c-Gesetze abgeschafft und unter anderem alle wirtschafts- und steuerrelevanten Gesetze neu verabschiedet. Zypern nutzte die Chance, EU-Regulierungen von Beginn an in Ihre Gesetze aufzunehmen, ohne bestehende Gesetze wesentlich \u00e4ndern m\u00fcssen. So wurden von Zypern die relevanten Europ\u00e4ischen Richtlinien uneingeschr\u00e4nkt in seine Gesetzgebung aufgenommen.<\/span><\/div><\/div><\/div><div class=\"con-kit-component-spacer\">\u00a0<\/div><\/div><\/div><\/div><\/div><\/div><\/div><\/div><\/div><\/div>\t\t\t\t\t\t\t\t<\/div>\n\t\t\t\t<\/div>\n\t\t\t\t\t<\/div>\n\t\t\t\t<\/div>\n\t\t<div class=\"elementor-element elementor-element-cfacea8 e-flex e-con-boxed wpr-particle-no wpr-jarallax-no wpr-parallax-no wpr-sticky-section-no e-con e-parent\" data-id=\"cfacea8\" data-element_type=\"container\" data-e-type=\"container\" data-settings=\"{&quot;background_background&quot;:&quot;classic&quot;}\">\n\t\t\t\t\t<div class=\"e-con-inner\">\n\t\t<div class=\"elementor-element elementor-element-520430e e-con-full e-flex wpr-particle-no wpr-jarallax-no wpr-parallax-no wpr-sticky-section-no e-con e-child\" data-id=\"520430e\" data-element_type=\"container\" data-e-type=\"container\" data-settings=\"{&quot;background_background&quot;:&quot;classic&quot;}\">\n\t\t\t\t<div class=\"elementor-element elementor-element-c46edab elementor-view-default elementor-widget elementor-widget-icon\" data-id=\"c46edab\" data-element_type=\"widget\" data-e-type=\"widget\" data-widget_type=\"icon.default\">\n\t\t\t\t\t\t\t<div class=\"elementor-icon-wrapper\">\n\t\t\t<div class=\"elementor-icon\">\n\t\t\t<i aria-hidden=\"true\" class=\"icon icon-apartment\"><\/i>\t\t\t<\/div>\n\t\t<\/div>\n\t\t\t\t\t\t<\/div>\n\t\t\t\t<div class=\"elementor-element elementor-element-9791340 elementor-widget elementor-widget-text-editor\" data-id=\"9791340\" data-element_type=\"widget\" data-e-type=\"widget\" data-widget_type=\"text-editor.default\">\n\t\t\t\t\t\t\t\t\t<div class=\"con-kit-atom-plain-text\" data-font-kit-type=\"m\"><div class=\"con-kit-component-text\" data-text-prop=\"text\" data-font-kit-type=\"m\"><div class=\"con-kit-quark con-kit-quark-paragraph\" data-quark=\"block\" data-font-kit-type=\"m\" data-block-key=\"8r4b3\"><div class=\"con-kit-quark con-kit-quark-paragraph\" data-quark=\"block\" data-font-kit-type=\"l\" data-kit-align-horizontal=\"left\" data-block-key=\"8r4b3\"><div class=\"con-kit-quark con-kit-quark-paragraph\" data-quark=\"block\" data-font-kit-type=\"m\" data-block-key=\"8r4b3\"><div class=\"con-kit-quark con-kit-quark-paragraph\" data-quark=\"block\" data-font-kit-type=\"m\" data-block-key=\"8r4b3\"><div class=\"con-kit-atom-plain-text\" data-font-kit-type=\"m\"><div class=\"con-kit-component-text\" data-text-prop=\"text\" data-font-kit-type=\"m\"><div class=\"con-kit-quark con-kit-quark-paragraph\" data-quark=\"block\" data-font-kit-type=\"m\" data-block-key=\"8r4b3\"><div class=\"con-kit-atom-plain-text\" data-font-kit-type=\"m\"><div class=\"con-kit-component-text\" data-text-prop=\"text\" data-font-kit-type=\"m\"><div class=\"con-kit-quark con-kit-quark-paragraph\" data-quark=\"block\" data-font-kit-type=\"m\" data-block-key=\"8r4b3\"><div class=\"con-kit-quark con-kit-quark-paragraph\" data-quark=\"block\" data-font-kit-type=\"m\" data-block-key=\"8r4b3\"><span class=\"con-kit-quark con-kit-quark-color\">Zypern stellt sich innerhalb der Europ\u00e4ischen Union als ein Vollmitglied dar das trotz der enormen steuerlichen und strategischen M\u00f6glichkeiten seiner Unternehmen umfassend anerkannt wird. Die Zypern Limited\/Holding erh\u00e4lt selbstverst\u00e4ndlich die f\u00fcr den EU-Markt notwendige VAT-Nummer.<\/span><\/div><div class=\"con-kit-quark con-kit-quark-paragraph\" data-quark=\"block\" data-font-kit-type=\"m\" data-block-key=\"equ1h\"><span class=\"con-kit-quark con-kit-quark-color\">Gruns\u00e4tzliche Vorraussetzungen, um in den Genu\u00df einer niedrigeren Besteuerung ihrer wirtschaftlichen Aktivit\u00e4ten zu kommen, sind das Vorhandensein bestimmter Merkmale. Eines der wichtigsten Merkmale ist das Betriebst\u00e4ttenmerkmal.<\/span><\/div><div class=\"con-kit-quark con-kit-quark-paragraph\" data-quark=\"block\" data-font-kit-type=\"m\" data-block-key=\"66orn\"><span class=\"con-kit-quark con-kit-quark-color\"><span data-inline-style=\"bold\">Hierzu sind folgende Kriterien zu erf\u00fcllen:<\/span><\/span><\/div><div class=\"con-kit-quark con-kit-quark-paragraph\" data-quark=\"block\" data-font-kit-type=\"m\" data-block-key=\"2o3if\"><span class=\"con-kit-quark con-kit-quark-color\">Die Gesellschaft unterh\u00e4lt ein B\u00fcro in Zypern mit einer zustellf\u00e4higen Adresse und Telefonnummer. Die Gesch\u00e4ftsf\u00fchrung der Gesellschaft wird erkennbar von Zypern aus unternommen, z.B. werden Vertr\u00e4ge in Zypern unterzeichnet. Sollten Sie nicht planen dies pers\u00f6nlich zu \u00fcbernehmen haben Sie die Alternative unseren Treuhandservice zu nutzen.<\/span><\/div><\/div><\/div><\/div><\/div><\/div><\/div><\/div><\/div><\/div><\/div><\/div><\/div>\t\t\t\t\t\t\t\t<\/div>\n\t\t\t\t<\/div>\n\t\t\t\t\t<\/div>\n\t\t\t\t<\/div>\n\t\t<div class=\"elementor-element elementor-element-03fdfc0 e-flex e-con-boxed wpr-particle-no wpr-jarallax-no wpr-parallax-no wpr-sticky-section-no e-con e-parent\" data-id=\"03fdfc0\" data-element_type=\"container\" data-e-type=\"container\">\n\t\t\t\t\t<div class=\"e-con-inner\">\n\t\t\t\t<div class=\"elementor-element elementor-element-bed559f elementor-align-center animated-slow elementor-invisible elementor-widget elementor-widget-button\" data-id=\"bed559f\" data-element_type=\"widget\" data-e-type=\"widget\" data-settings=\"{&quot;_animation&quot;:&quot;bounce&quot;}\" data-widget_type=\"button.default\">\n\t\t\t\t\t\t\t\t\t\t<a class=\"elementor-button elementor-button-link elementor-size-sm\" href=\"https:\/\/calendly.com\/florianwilk\/erstgesprach-mit-einer-mitarbeiterin-der-cmc\">\n\t\t\t\t\t\t<span class=\"elementor-button-content-wrapper\">\n\t\t\t\t\t\t\t\t\t<span class=\"elementor-button-text\">Jetzt kostenlose Beratung erhalten<\/span>\n\t\t\t\t\t<\/span>\n\t\t\t\t\t<\/a>\n\t\t\t\t\t\t\t\t<\/div>\n\t\t\t\t\t<\/div>\n\t\t\t\t<\/div>\n\t\t\t\t<\/div>\n\t\t\n    <div class=\"xs_social_share_widget xs_share_url after_content \t\tmain_content  wslu-style-1 wslu-share-box-shaped wslu-fill-colored wslu-none wslu-share-horizontal wslu-theme-font-no wslu-main_content\">\n\n\t\t\n        <ul>\n\t\t\t        <\/ul>\n    <\/div>","protected":false},"excerpt":{"rendered":"<p>EU-Gesetzgebung Mit Ihrer Entscheidung, eine Gesellschaft in Zypern zu gr\u00fcnden, haben Sie die M\u00f6glichkeit einer legalen Steuergestaltung innerhalb der EU. Was in vielen L\u00e4ndern nicht m\u00f6glich ist \u2013 ist in Zypern t\u00e4gliche Praxis, so sind beispielsweise Ausgaben an Offshore Unternehmen (Seychellen, HongKong, BVI, Belize\u2026) anerkannt, Kombinationen aus Offshore Mutter und Onshore-Tochter Unternehmen sind v\u00f6llig legal anwendbar (Dividendenzahlungen der Tochter- an die Muttergesellschaft sind steuerfrei). Zypern hat mit 12,5% eine niedrige K\u00f6rperschaftssteuer, eine Null-Besteuerung auf Dividenden, sehr diskrete Banken und ein sicheres Treuhandgesetz machen Zypern unternehmerisch so attraktiv.\u00a0 Die Steuern auf Gewinne auf Ver\u00e4u\u00dferungen von Firmen und die Erbschaft- bzw. Schenkungssteuer sind 0%. Zypern hat mit \u00fcber 50 L\u00e4ndern ein Doppelbesteuerungsabkommen (DBA). Alle relevanten EU Richtlinien werden konsequent eingehalten.Seit der Vollmitgliedschaft in der EU im Jahr 2004 hat Zypern im Rahmen der Gesetzesangleichung seine damaligen \u201eOffshore\u201c-Gesetze abgeschafft und unter anderem alle wirtschafts- und steuerrelevanten Gesetze neu verabschiedet. Zypern nutzte die Chance, EU-Regulierungen von Beginn an in Ihre Gesetze aufzunehmen, ohne bestehende Gesetze wesentlich \u00e4ndern m\u00fcssen. So wurden von Zypern die relevanten Europ\u00e4ischen Richtlinien uneingeschr\u00e4nkt in seine Gesetzgebung aufgenommen.\u00a0 Zypern stellt sich innerhalb der Europ\u00e4ischen Union als ein Vollmitglied dar das trotz der enormen steuerlichen und strategischen M\u00f6glichkeiten seiner Unternehmen umfassend anerkannt wird. Die Zypern Limited\/Holding erh\u00e4lt selbstverst\u00e4ndlich die f\u00fcr den EU-Markt notwendige VAT-Nummer.Gruns\u00e4tzliche Vorraussetzungen, um in den Genu\u00df einer niedrigeren Besteuerung ihrer wirtschaftlichen Aktivit\u00e4ten zu kommen, sind das Vorhandensein bestimmter Merkmale. Eines der wichtigsten Merkmale ist das Betriebst\u00e4ttenmerkmal.Hierzu sind folgende Kriterien zu erf\u00fcllen:Die Gesellschaft unterh\u00e4lt ein B\u00fcro in Zypern mit einer zustellf\u00e4higen Adresse und Telefonnummer. Die Gesch\u00e4ftsf\u00fchrung der Gesellschaft wird erkennbar von Zypern aus unternommen, z.B. werden Vertr\u00e4ge in Zypern unterzeichnet. Sollten Sie nicht planen dies pers\u00f6nlich zu \u00fcbernehmen haben Sie die Alternative unseren Treuhandservice zu nutzen. Get Free Consultation Now<\/p>","protected":false},"author":1,"featured_media":0,"parent":0,"menu_order":0,"comment_status":"closed","ping_status":"closed","template":"","meta":{"postBodyCss":"","postBodyMargin":[],"postBodyPadding":[],"postBodyBackground":{"backgroundType":"classic","gradient":""},"footnotes":""},"class_list":["post-292","page","type-page","status-publish","hentry"],"_links":{"self":[{"href":"https:\/\/nachzypernauswandern.com\/de\/wp-json\/wp\/v2\/pages\/292","targetHints":{"allow":["GET"]}}],"collection":[{"href":"https:\/\/nachzypernauswandern.com\/de\/wp-json\/wp\/v2\/pages"}],"about":[{"href":"https:\/\/nachzypernauswandern.com\/de\/wp-json\/wp\/v2\/types\/page"}],"author":[{"embeddable":true,"href":"https:\/\/nachzypernauswandern.com\/de\/wp-json\/wp\/v2\/users\/1"}],"replies":[{"embeddable":true,"href":"https:\/\/nachzypernauswandern.com\/de\/wp-json\/wp\/v2\/comments?post=292"}],"version-history":[{"count":4,"href":"https:\/\/nachzypernauswandern.com\/de\/wp-json\/wp\/v2\/pages\/292\/revisions"}],"predecessor-version":[{"id":375,"href":"https:\/\/nachzypernauswandern.com\/de\/wp-json\/wp\/v2\/pages\/292\/revisions\/375"}],"wp:attachment":[{"href":"https:\/\/nachzypernauswandern.com\/de\/wp-json\/wp\/v2\/media?parent=292"}],"curies":[{"name":"wp","href":"https:\/\/api.w.org\/{rel}","templated":true}]}}