{"id":40,"date":"2025-07-11T10:40:08","date_gmt":"2025-07-11T10:40:08","guid":{"rendered":"http:\/\/localhost\/auswandern\/?page_id=40"},"modified":"2025-08-20T21:52:20","modified_gmt":"2025-08-20T21:52:20","slug":"taxes","status":"publish","type":"page","link":"https:\/\/nachzypernauswandern.com\/de\/taxes\/","title":{"rendered":"Steuern"},"content":{"rendered":"<div data-elementor-type=\"wp-page\" data-elementor-id=\"40\" class=\"elementor elementor-40\">\n\t\t\t\t<div class=\"elementor-element elementor-element-c5f36e9 e-flex e-con-boxed wpr-particle-no wpr-jarallax-no wpr-parallax-no wpr-sticky-section-no e-con e-parent\" data-id=\"c5f36e9\" data-element_type=\"container\" data-e-type=\"container\" data-settings=\"{&quot;background_background&quot;:&quot;classic&quot;}\">\n\t\t\t\t\t<div class=\"e-con-inner\">\n\t\t\t\t<div class=\"elementor-element elementor-element-b73314f elementor-widget elementor-widget-spacer\" data-id=\"b73314f\" data-element_type=\"widget\" data-e-type=\"widget\" data-widget_type=\"spacer.default\">\n\t\t\t\t\t\t\t<div class=\"elementor-spacer\">\n\t\t\t<div class=\"elementor-spacer-inner\"><\/div>\n\t\t<\/div>\n\t\t\t\t\t\t<\/div>\n\t\t\t\t<div class=\"elementor-element elementor-element-1a02a74 elementor-widget elementor-widget-spacer\" data-id=\"1a02a74\" data-element_type=\"widget\" data-e-type=\"widget\" data-widget_type=\"spacer.default\">\n\t\t\t\t\t\t\t<div class=\"elementor-spacer\">\n\t\t\t<div class=\"elementor-spacer-inner\"><\/div>\n\t\t<\/div>\n\t\t\t\t\t\t<\/div>\n\t\t\t\t\t<\/div>\n\t\t\t\t<\/div>\n\t\t<div class=\"elementor-element elementor-element-c97c3b2 e-flex e-con-boxed wpr-particle-no wpr-jarallax-no wpr-parallax-no wpr-sticky-section-no e-con e-parent\" data-id=\"c97c3b2\" data-element_type=\"container\" data-e-type=\"container\">\n\t\t\t\t\t<div class=\"e-con-inner\">\n\t\t\t\t<div class=\"elementor-element elementor-element-d2a8444 elementor-widget elementor-widget-text-editor\" data-id=\"d2a8444\" data-element_type=\"widget\" data-e-type=\"widget\" data-widget_type=\"text-editor.default\">\n\t\t\t\t\t\t\t\t\t<div class=\"con-kit-quark con-kit-quark-paragraph\" data-quark=\"block\" data-font-kit-type=\"xl\" data-kit-align-horizontal=\"left\" data-block-key=\"8r4b3\"><span class=\"con-kit-quark con-kit-quark-color\"><span data-inline-style=\"bold\">Zypern bietet die attraktivsten Unternehmenssteuern innerhalb der Europ\u00e4ischen Union.<\/span><\/span><\/div><div data-quark=\"block\" data-font-kit-type=\"xl\" data-kit-align-horizontal=\"left\" data-block-key=\"8r4b3\">\u00a0<\/div><div data-quark=\"block\" data-font-kit-type=\"xl\" data-kit-align-horizontal=\"left\" data-block-key=\"8r4b3\"><div class=\"con-kit-quark con-kit-quark-paragraph\" data-quark=\"block\" data-font-kit-type=\"xl\" data-kit-align-horizontal=\"left\" data-block-key=\"12huh\"><span class=\"con-kit-quark con-kit-quark-color\"><span>Zypern ist vor allem f\u00fcr seinen niedrigen K\u00f6rperschaftsteuersatz bekannt \u2013 mit 12,5 % hat Zypern einen der niedrigsten K\u00f6rperschaftsteuers\u00e4tze in der Europ\u00e4ischen Union. Es gibt keine Gewerbesteuer.<\/span><\/span><\/div><div data-quark=\"block\" data-font-kit-type=\"xl\" data-kit-align-horizontal=\"left\" data-block-key=\"12huh\">\u00a0<\/div><div class=\"con-kit-quark con-kit-quark-paragraph\" data-quark=\"block\" data-font-kit-type=\"xl\" data-kit-align-horizontal=\"left\" data-block-key=\"1mofr\"><span class=\"con-kit-quark con-kit-quark-color\"><span>Damit eine zyprische Gesellschaft mit beschr\u00e4nkter Haftung in der Republik Zypern besteuert werden kann, m\u00fcssen mindestens 50 % der Gesch\u00e4ftsf\u00fchrer in Zypern ans\u00e4ssig sein. Diese Voraussetzung wird formal durch die Ernennung eines zypriotischen Nominee-Gesch\u00e4ftsf\u00fchrers erf\u00fcllt.<\/span><\/span><\/div><\/div>\t\t\t\t\t\t\t\t<\/div>\n\t\t\t\t\t<\/div>\n\t\t\t\t<\/div>\n\t\t<div class=\"elementor-element elementor-element-77fa098 e-flex e-con-boxed wpr-particle-no wpr-jarallax-no wpr-parallax-no wpr-sticky-section-no e-con e-parent\" data-id=\"77fa098\" data-element_type=\"container\" data-e-type=\"container\" data-settings=\"{&quot;background_background&quot;:&quot;classic&quot;}\">\n\t\t\t\t\t<div class=\"e-con-inner\">\n\t\t<div class=\"elementor-element elementor-element-3fefe3c e-con-full e-flex wpr-particle-no wpr-jarallax-no wpr-parallax-no wpr-sticky-section-no e-con e-child\" data-id=\"3fefe3c\" data-element_type=\"container\" data-e-type=\"container\" data-settings=\"{&quot;background_background&quot;:&quot;classic&quot;}\">\n\t\t\t\t<div class=\"elementor-element elementor-element-af21748 elementor-view-default elementor-widget elementor-widget-icon\" data-id=\"af21748\" data-element_type=\"widget\" data-e-type=\"widget\" data-widget_type=\"icon.default\">\n\t\t\t\t\t\t\t<div class=\"elementor-icon-wrapper\">\n\t\t\t<div class=\"elementor-icon\">\n\t\t\t<i aria-hidden=\"true\" class=\"icon icon-warning\"><\/i>\t\t\t<\/div>\n\t\t<\/div>\n\t\t\t\t\t\t<\/div>\n\t\t\t\t<div class=\"elementor-element elementor-element-7f37086 elementor-widget elementor-widget-heading\" data-id=\"7f37086\" data-element_type=\"widget\" data-e-type=\"widget\" data-widget_type=\"heading.default\">\n\t\t\t\t\t<h2 class=\"elementor-heading-title elementor-size-default\">Tipp 1: Vorsicht bei Startup-Agenturen<\/h2>\t\t\t\t<\/div>\n\t\t\t\t<div class=\"elementor-element elementor-element-6eed2ef elementor-widget elementor-widget-text-editor\" data-id=\"6eed2ef\" data-element_type=\"widget\" data-e-type=\"widget\" data-widget_type=\"text-editor.default\">\n\t\t\t\t\t\t\t\t\t<div class=\"con-kit-atom-plain-text\" data-font-kit-type=\"m\"><div class=\"con-kit-component-text\" data-text-prop=\"text\" data-font-kit-type=\"m\"><div class=\"con-kit-quark con-kit-quark-paragraph\" data-quark=\"block\" data-font-kit-type=\"m\" data-block-key=\"8r4b3\"><span class=\"con-kit-quark con-kit-quark-color\"><span>Die F\u00fchrung einer zypriotischen Limited erfordert stets einen lokalen Steuerberater. Vielen Online-Anbietern mangelt es an lokalen Kontakten und geringen Kenntnissen des zypriotischen Rechts. Wer sich auf solche Agenturen verl\u00e4sst, riskiert schwerwiegende Fehler, die oft nur durch eine Neugr\u00fcndung behoben werden k\u00f6nnen. Falsche Beratung f\u00fchrt regelm\u00e4\u00dfig zu irreparablen Sch\u00e4den, die hohe Folgekosten nach sich ziehen k\u00f6nnen. Vertrauen Sie daher auf einen seri\u00f6sen Partner in Zypern, der \u00fcber langj\u00e4hrige Erfahrung in der Gr\u00fcndung und F\u00fchrung zypriotischer Gesellschaften verf\u00fcgt und Sie individuell ber\u00e4t.<\/span><\/span><\/div><\/div><\/div><div class=\"con-kit-component-spacer\">\u00a0<\/div>\t\t\t\t\t\t\t\t<\/div>\n\t\t\t\t<\/div>\n\t\t\t\t\t<\/div>\n\t\t\t\t<\/div>\n\t\t<div class=\"elementor-element elementor-element-c815033 e-flex e-con-boxed wpr-particle-no wpr-jarallax-no wpr-parallax-no wpr-sticky-section-no e-con e-parent\" data-id=\"c815033\" data-element_type=\"container\" data-e-type=\"container\" data-settings=\"{&quot;background_background&quot;:&quot;classic&quot;}\">\n\t\t\t\t\t<div class=\"e-con-inner\">\n\t\t<div class=\"elementor-element elementor-element-564839b e-con-full e-flex wpr-particle-no wpr-jarallax-no wpr-parallax-no wpr-sticky-section-no e-con e-child\" data-id=\"564839b\" data-element_type=\"container\" data-e-type=\"container\" data-settings=\"{&quot;background_background&quot;:&quot;classic&quot;}\">\n\t\t\t\t<div class=\"elementor-element elementor-element-6ea171e elementor-view-default elementor-widget elementor-widget-icon\" data-id=\"6ea171e\" data-element_type=\"widget\" data-e-type=\"widget\" data-widget_type=\"icon.default\">\n\t\t\t\t\t\t\t<div class=\"elementor-icon-wrapper\">\n\t\t\t<div class=\"elementor-icon\">\n\t\t\t<i aria-hidden=\"true\" class=\"icon icon-bank1\"><\/i>\t\t\t<\/div>\n\t\t<\/div>\n\t\t\t\t\t\t<\/div>\n\t\t\t\t<div class=\"elementor-element elementor-element-df8195c elementor-widget elementor-widget-heading\" data-id=\"df8195c\" data-element_type=\"widget\" data-e-type=\"widget\" data-widget_type=\"heading.default\">\n\t\t\t\t\t<h2 class=\"elementor-heading-title elementor-size-default\">Tipp 2: W\u00e4hlen Sie die richtige Bank f\u00fcr Ihr Unternehmen<\/h2>\t\t\t\t<\/div>\n\t\t\t\t<div class=\"elementor-element elementor-element-6e8f29b elementor-widget elementor-widget-text-editor\" data-id=\"6e8f29b\" data-element_type=\"widget\" data-e-type=\"widget\" data-widget_type=\"text-editor.default\">\n\t\t\t\t\t\t\t\t\t<div class=\"con-kit-atom-plain-text\" data-font-kit-type=\"m\"><div class=\"con-kit-component-text\" data-text-prop=\"text\" data-font-kit-type=\"m\"><div class=\"con-kit-quark con-kit-quark-paragraph\" data-quark=\"block\" data-font-kit-type=\"m\" data-block-key=\"8r4b3\"><div class=\"con-kit-atom-plain-text\" data-font-kit-type=\"m\"><div class=\"con-kit-component-text\" data-text-prop=\"text\" data-font-kit-type=\"m\"><div class=\"con-kit-quark con-kit-quark-paragraph\" data-quark=\"block\" data-font-kit-type=\"m\" data-block-key=\"8r4b3\"><span class=\"con-kit-quark con-kit-quark-color\"><span>In Cyprus, balances up to EUR 100,000 are legally protected, but choosing a solid bank is crucial. Fair fees, good accessibility, and stability are essential. You can also hold an account outside of Cyprus to minimize risk. Recommended banks in Cyprus are Hellenic Bank, USB Bank, and Russian Commercial Bank. Outside of Cyprus, Valartis Bank, RIETUMU, and Barclays are good choices. Banks such as Alpha Bank, Eurobank, or Bank of Cyprus are not recommended for various reasons.<\/span><\/span><\/div><\/div><\/div><div class=\"con-kit-component-spacer\">\u00a0<\/div><\/div><\/div><\/div>\t\t\t\t\t\t\t\t<\/div>\n\t\t\t\t<\/div>\n\t\t\t\t\t<\/div>\n\t\t\t\t<\/div>\n\t\t<div class=\"elementor-element elementor-element-93365bb e-flex e-con-boxed wpr-particle-no wpr-jarallax-no wpr-parallax-no wpr-sticky-section-no e-con e-parent\" data-id=\"93365bb\" data-element_type=\"container\" data-e-type=\"container\" data-settings=\"{&quot;background_background&quot;:&quot;classic&quot;}\">\n\t\t\t\t\t<div class=\"e-con-inner\">\n\t\t<div class=\"elementor-element elementor-element-fea65d6 e-con-full e-flex wpr-particle-no wpr-jarallax-no wpr-parallax-no wpr-sticky-section-no e-con e-child\" data-id=\"fea65d6\" data-element_type=\"container\" data-e-type=\"container\" data-settings=\"{&quot;background_background&quot;:&quot;classic&quot;}\">\n\t\t\t\t<div class=\"elementor-element elementor-element-95dd26b elementor-view-default elementor-widget elementor-widget-icon\" data-id=\"95dd26b\" data-element_type=\"widget\" data-e-type=\"widget\" data-widget_type=\"icon.default\">\n\t\t\t\t\t\t\t<div class=\"elementor-icon-wrapper\">\n\t\t\t<div class=\"elementor-icon\">\n\t\t\t<svg aria-hidden=\"true\" class=\"e-font-icon-svg e-fas-user-lock\" viewbox=\"0 0 640 512\" xmlns=\"http:\/\/www.w3.org\/2000\/svg\"><path d=\"M224 256A128 128 0 1 0 96 128a128 128 0 0 0 128 128zm96 64a63.08 63.08 0 0 1 8.1-30.5c-4.8-.5-9.5-1.5-14.5-1.5h-16.7a174.08 174.08 0 0 1-145.8 0h-16.7A134.43 134.43 0 0 0 0 422.4V464a48 48 0 0 0 48 48h280.9a63.54 63.54 0 0 1-8.9-32zm288-32h-32v-80a80 80 0 0 0-160 0v80h-32a32 32 0 0 0-32 32v160a32 32 0 0 0 32 32h224a32 32 0 0 0 32-32V320a32 32 0 0 0-32-32zM496 432a32 32 0 1 1 32-32 32 32 0 0 1-32 32zm32-144h-64v-80a32 32 0 0 1 64 0z\"><\/path><\/svg>\t\t\t<\/div>\n\t\t<\/div>\n\t\t\t\t\t\t<\/div>\n\t\t\t\t<div class=\"elementor-element elementor-element-9f8b3ee elementor-widget elementor-widget-heading\" data-id=\"9f8b3ee\" data-element_type=\"widget\" data-e-type=\"widget\" data-widget_type=\"heading.default\">\n\t\t\t\t\t<h2 class=\"elementor-heading-title elementor-size-default\">Tipp 3: Lassen Sie sich im eigenen Land steuerlich beraten\n<\/h2>\t\t\t\t<\/div>\n\t\t\t\t<div class=\"elementor-element elementor-element-7acf44e elementor-widget elementor-widget-text-editor\" data-id=\"7acf44e\" data-element_type=\"widget\" data-e-type=\"widget\" data-widget_type=\"text-editor.default\">\n\t\t\t\t\t\t\t\t\t<div class=\"con-kit-atom-plain-text\" data-font-kit-type=\"m\"><div class=\"con-kit-component-text\" data-text-prop=\"text\" data-font-kit-type=\"m\"><div class=\"con-kit-quark con-kit-quark-paragraph\" data-quark=\"block\" data-font-kit-type=\"m\" data-block-key=\"8r4b3\"><div class=\"con-kit-atom-plain-text\" data-font-kit-type=\"m\"><div class=\"con-kit-component-text\" data-text-prop=\"text\" data-font-kit-type=\"m\"><div class=\"con-kit-quark con-kit-quark-paragraph\" data-quark=\"block\" data-font-kit-type=\"m\" data-block-key=\"8r4b3\"><span class=\"con-kit-quark con-kit-quark-color\"><span>Um sicherzustellen, dass Ihre zypriotische Limited allen steuerlichen Verpflichtungen nachkommt, ist die Beratung durch einen Experten in Ihrem Wohnsitzland unerl\u00e4sslich. Ein zypriotischer Steuerberater kann nur zur Gesellschaft selbst beraten, nicht zu den pers\u00f6nlichen Verh\u00e4ltnissen des Inhabers. Ein international erfahrener Steuerberater in Ihrem Wohnsitzland pr\u00fcft, ob steuerliche Nachteile entstehen oder zus\u00e4tzliche Erkl\u00e4rungen erforderlich sind. Nur so vermeiden Sie unerwartete Steuerbelastungen und stellen sicher, dass Ihre Steuerstruktur optimal gestaltet ist.<\/span><\/span><\/div><\/div><\/div><div class=\"con-kit-component-spacer\">\u00a0<\/div><\/div><\/div><\/div>\t\t\t\t\t\t\t\t<\/div>\n\t\t\t\t<\/div>\n\t\t\t\t\t<\/div>\n\t\t\t\t<\/div>\n\t\t<div class=\"elementor-element elementor-element-c0a3907 e-flex e-con-boxed wpr-particle-no wpr-jarallax-no wpr-parallax-no wpr-sticky-section-no e-con e-parent\" data-id=\"c0a3907\" data-element_type=\"container\" data-e-type=\"container\" data-settings=\"{&quot;background_background&quot;:&quot;classic&quot;}\">\n\t\t\t\t\t<div class=\"e-con-inner\">\n\t\t<div class=\"elementor-element elementor-element-3512654 e-con-full e-flex wpr-particle-no wpr-jarallax-no wpr-parallax-no wpr-sticky-section-no e-con e-child\" data-id=\"3512654\" data-element_type=\"container\" data-e-type=\"container\" data-settings=\"{&quot;background_background&quot;:&quot;classic&quot;}\">\n\t\t\t\t<div class=\"elementor-element elementor-element-7713c90 elementor-view-default elementor-widget elementor-widget-icon\" data-id=\"7713c90\" data-element_type=\"widget\" data-e-type=\"widget\" data-widget_type=\"icon.default\">\n\t\t\t\t\t\t\t<div class=\"elementor-icon-wrapper\">\n\t\t\t<div class=\"elementor-icon\">\n\t\t\t<i aria-hidden=\"true\" class=\"icon icon-light-bulb-1\"><\/i>\t\t\t<\/div>\n\t\t<\/div>\n\t\t\t\t\t\t<\/div>\n\t\t\t\t<div class=\"elementor-element elementor-element-44bdb60 elementor-widget elementor-widget-heading\" data-id=\"44bdb60\" data-element_type=\"widget\" data-e-type=\"widget\" data-widget_type=\"heading.default\">\n\t\t\t\t\t<h2 class=\"elementor-heading-title elementor-size-default\">Tipp 4: Umsatzsteuerrisiken vermeiden<\/h2>\t\t\t\t<\/div>\n\t\t\t\t<div class=\"elementor-element elementor-element-2c9f5e3 elementor-widget elementor-widget-text-editor\" data-id=\"2c9f5e3\" data-element_type=\"widget\" data-e-type=\"widget\" data-widget_type=\"text-editor.default\">\n\t\t\t\t\t\t\t\t\t<div class=\"con-kit-atom-plain-text\" data-font-kit-type=\"m\"><div class=\"con-kit-component-text\" data-text-prop=\"text\" data-font-kit-type=\"m\"><div class=\"con-kit-quark con-kit-quark-paragraph\" data-quark=\"block\" data-font-kit-type=\"m\" data-block-key=\"8r4b3\"><div class=\"con-kit-atom-plain-text\" data-font-kit-type=\"m\"><div class=\"con-kit-component-text\" data-text-prop=\"text\" data-font-kit-type=\"m\"><div class=\"con-kit-quark con-kit-quark-paragraph\" data-quark=\"block\" data-font-kit-type=\"m\" data-block-key=\"8r4b3\"><span class=\"con-kit-quark con-kit-quark-color\"><span>Mehrwertsteuerfehler sind teuer und vermeidbar. Eine \u00dcberpr\u00fcfung der Steuersituation ist unerl\u00e4sslich, da der Unternehmensstandort in Zypern allein nicht ausschlaggebend f\u00fcr die Steuerpflicht ist. Ein Spezialist f\u00fcr den Zielmarkt kann eine kurze Einsch\u00e4tzung abgeben, ob eine lokale Registrierung erforderlich ist. H\u00e4ndler, die an Verbraucher in anderen EU-L\u00e4ndern verkaufen, m\u00fcssen die dortigen Mehrwertsteuerschwellen einhalten, um ihren Steuerpflichten rechtzeitig nachzukommen. Ohne ordnungsgem\u00e4\u00dfe Registrierung k\u00f6nnen Nachzahlungen und Bu\u00dfgelder anfallen.<\/span><\/span><\/div><\/div><\/div><div class=\"con-kit-component-spacer\">\u00a0<\/div><\/div><\/div><\/div>\t\t\t\t\t\t\t\t<\/div>\n\t\t\t\t<\/div>\n\t\t\t\t\t<\/div>\n\t\t\t\t<\/div>\n\t\t<div class=\"elementor-element elementor-element-9e7cc0a e-flex e-con-boxed wpr-particle-no wpr-jarallax-no wpr-parallax-no wpr-sticky-section-no e-con e-parent\" data-id=\"9e7cc0a\" data-element_type=\"container\" data-e-type=\"container\" data-settings=\"{&quot;background_background&quot;:&quot;classic&quot;}\">\n\t\t\t\t\t<div class=\"e-con-inner\">\n\t\t<div class=\"elementor-element elementor-element-d8bd80c e-con-full e-flex wpr-particle-no wpr-jarallax-no wpr-parallax-no wpr-sticky-section-no e-con e-child\" data-id=\"d8bd80c\" data-element_type=\"container\" data-e-type=\"container\" data-settings=\"{&quot;background_background&quot;:&quot;classic&quot;}\">\n\t\t\t\t<div class=\"elementor-element elementor-element-638ac04 elementor-view-default elementor-widget elementor-widget-icon\" data-id=\"638ac04\" data-element_type=\"widget\" data-e-type=\"widget\" data-widget_type=\"icon.default\">\n\t\t\t\t\t\t\t<div class=\"elementor-icon-wrapper\">\n\t\t\t<div class=\"elementor-icon\">\n\t\t\t<svg aria-hidden=\"true\" class=\"e-font-icon-svg e-fas-building\" viewbox=\"0 0 448 512\" xmlns=\"http:\/\/www.w3.org\/2000\/svg\"><path d=\"M436 480h-20V24c0-13.255-10.745-24-24-24H56C42.745 0 32 10.745 32 24v456H12c-6.627 0-12 5.373-12 12v20h448v-20c0-6.627-5.373-12-12-12zM128 76c0-6.627 5.373-12 12-12h40c6.627 0 12 5.373 12 12v40c0 6.627-5.373 12-12 12h-40c-6.627 0-12-5.373-12-12V76zm0 96c0-6.627 5.373-12 12-12h40c6.627 0 12 5.373 12 12v40c0 6.627-5.373 12-12 12h-40c-6.627 0-12-5.373-12-12v-40zm52 148h-40c-6.627 0-12-5.373-12-12v-40c0-6.627 5.373-12 12-12h40c6.627 0 12 5.373 12 12v40c0 6.627-5.373 12-12 12zm76 160h-64v-84c0-6.627 5.373-12 12-12h40c6.627 0 12 5.373 12 12v84zm64-172c0 6.627-5.373 12-12 12h-40c-6.627 0-12-5.373-12-12v-40c0-6.627 5.373-12 12-12h40c6.627 0 12 5.373 12 12v40zm0-96c0 6.627-5.373 12-12 12h-40c-6.627 0-12-5.373-12-12v-40c0-6.627 5.373-12 12-12h40c6.627 0 12 5.373 12 12v40zm0-96c0 6.627-5.373 12-12 12h-40c-6.627 0-12-5.373-12-12V76c0-6.627 5.373-12 12-12h40c6.627 0 12 5.373 12 12v40z\"><\/path><\/svg>\t\t\t<\/div>\n\t\t<\/div>\n\t\t\t\t\t\t<\/div>\n\t\t\t\t<div class=\"elementor-element elementor-element-90d0945 elementor-widget elementor-widget-heading\" data-id=\"90d0945\" data-element_type=\"widget\" data-e-type=\"widget\" data-widget_type=\"heading.default\">\n\t\t\t\t\t<h2 class=\"elementor-heading-title elementor-size-default\">Tipp 5: Zeigen Sie Substanz und echte F\u00fchrungsqualit\u00e4ten\n<\/h2>\t\t\t\t<\/div>\n\t\t\t\t<div class=\"elementor-element elementor-element-e6de702 elementor-widget elementor-widget-text-editor\" data-id=\"e6de702\" data-element_type=\"widget\" data-e-type=\"widget\" data-widget_type=\"text-editor.default\">\n\t\t\t\t\t\t\t\t\t<div class=\"con-kit-atom-plain-text\" data-font-kit-type=\"m\"><div class=\"con-kit-component-text\" data-text-prop=\"text\" data-font-kit-type=\"m\"><div class=\"con-kit-quark con-kit-quark-paragraph\" data-quark=\"block\" data-font-kit-type=\"m\" data-block-key=\"8r4b3\"><div class=\"con-kit-atom-plain-text\" data-font-kit-type=\"m\"><div class=\"con-kit-component-text\" data-text-prop=\"text\" data-font-kit-type=\"m\"><div class=\"con-kit-quark con-kit-quark-paragraph\" data-quark=\"block\" data-font-kit-type=\"m\" data-block-key=\"8r4b3\"><div class=\"con-kit-atom-plain-text\" data-font-kit-type=\"m\"><div class=\"con-kit-component-text\" data-text-prop=\"text\" data-font-kit-type=\"m\"><div class=\"con-kit-quark con-kit-quark-paragraph\" data-quark=\"block\" data-font-kit-type=\"m\" data-block-key=\"8r4b3\"><span class=\"con-kit-quark con-kit-quark-color\"><span>Eine reine Briefkastenfirma birgt steuerliche und rechtliche Risiken. Damit Ihre Limited in Zypern anerkannt wird, ist eine Betriebsst\u00e4tte erforderlich. Ein virtuelles B\u00fcro oder angemietete B\u00fcror\u00e4ume sind m\u00f6glich. Ein Gesch\u00e4ftsf\u00fchrer sollte zudem vor Ort ans\u00e4ssig sein. Die zypriotischen Beh\u00f6rden best\u00e4tigen die lokale Betriebsst\u00e4tte mit einer Steuerans\u00e4ssigkeitsbescheinigung. Banken verlangen zudem zunehmend einen Verm\u00f6gensnachweis, andernfalls schlie\u00dfen sie Konten. Lassen Sie sich fr\u00fchzeitig beraten, um Probleme zu vermeiden.<\/span><\/span><\/div><\/div><\/div><div class=\"con-kit-component-spacer\">\u00a0<\/div><\/div><\/div><\/div><\/div><\/div><\/div>\t\t\t\t\t\t\t\t<\/div>\n\t\t\t\t<\/div>\n\t\t\t\t\t<\/div>\n\t\t\t\t<\/div>\n\t\t<div class=\"elementor-element elementor-element-82a2a9c e-flex e-con-boxed wpr-particle-no wpr-jarallax-no wpr-parallax-no wpr-sticky-section-no e-con e-parent\" data-id=\"82a2a9c\" data-element_type=\"container\" data-e-type=\"container\">\n\t\t\t\t\t<div class=\"e-con-inner\">\n\t\t\t\t<div class=\"elementor-element elementor-element-c14b9b3 elementor-align-center elementor-widget elementor-widget-button\" data-id=\"c14b9b3\" data-element_type=\"widget\" data-e-type=\"widget\" data-widget_type=\"button.default\">\n\t\t\t\t\t\t\t\t\t\t<a class=\"elementor-button elementor-button-link elementor-size-sm\" href=\"https:\/\/calendly.com\/florianwilk\/erstgesprach-mit-einer-mitarbeiterin-der-cmc\">\n\t\t\t\t\t\t<span class=\"elementor-button-content-wrapper\">\n\t\t\t\t\t\t\t\t\t<span class=\"elementor-button-text\">Jetzt kostenlose Beratung erhalten<\/span>\n\t\t\t\t\t<\/span>\n\t\t\t\t\t<\/a>\n\t\t\t\t\t\t\t\t<\/div>\n\t\t\t\t\t<\/div>\n\t\t\t\t<\/div>\n\t\t\t\t<\/div>\n\t\t\n    <div class=\"xs_social_share_widget xs_share_url after_content \t\tmain_content  wslu-style-1 wslu-share-box-shaped wslu-fill-colored wslu-none wslu-share-horizontal wslu-theme-font-no wslu-main_content\">\n\n\t\t\n        <ul>\n\t\t\t        <\/ul>\n    <\/div>","protected":false},"excerpt":{"rendered":"<p>Cyprus offers the most attractive corporate taxes within the European Union.\u00a0Cyprus is best known for its low corporate tax rate\u2014at 12.5%, Cyprus has one of the lowest corporate tax rates in the European Union. There is no business tax.\u00a0For a Cypriot limited company to be taxed in the Republic of Cyprus, at least 50% of the directors must be resident in Cyprus. This requirement is formally met by appointing a Cypriot nominee director. Tip 1: Be careful with start-up agencies Managing a Cypriot limited company always requires a local tax advisor. Many online providers lack local contacts and little knowledge of Cypriot law. Those who rely on such agencies risk making serious mistakes that can often only be remedied by establishing a new company. Incorrect advice regularly leads to irreparable damage, which can result in high follow-up costs. Therefore, rely on a reputable partner in Cyprus who has many years of experience in establishing and managing Cypriot companies and who provides personalized advice.\u00a0 Tip 2: Choose the right bank for your business In Cyprus, balances up to EUR 100,000 are legally protected, but choosing a solid bank is crucial. Fair fees, good accessibility, and stability are essential. You can also hold an account outside of Cyprus to minimize risk. Recommended banks in Cyprus are Hellenic Bank, USB Bank, and Russian Commercial Bank. Outside of Cyprus, Valartis Bank, RIETUMU, and Barclays are good choices. Banks such as Alpha Bank, Eurobank, or Bank of Cyprus are not recommended for various reasons.\u00a0 Tip 3: Obtain tax advice in your own country To ensure your Cypriot limited company complies with all tax obligations, consultation with an expert in your country of residence is essential. A Cypriot tax advisor may only advise on the company itself, not on the owner&#8217;s personal circumstances. An internationally experienced tax advisor in your country of residence will assess whether any tax disadvantages arise or whether additional declarations are required. This is the only way to avoid unexpected tax burdens and ensure that your tax structure is optimally structured.\u00a0 Tip 4: Avoid VAT risks VAT errors are expensive and avoidable. A review of the tax situation is essential, as the company&#8217;s location in Cyprus alone does not determine tax liability. A specialist in the target market can provide a brief assessment to determine whether local registration is necessary. Merchants selling to consumers in other EU countries must comply with the VAT thresholds in those countries to fulfill their tax obligations in a timely manner. Without proper registration, additional payments and fines may be imposed.\u00a0 Tip 5: Demonstrate substance and genuine leadership A pure mailbox company carries tax and legal risks. For your limited company to be recognized in Cyprus, a permanent establishment is required. A virtual office or rented office space is possible. A managing director should also be located locally. The Cypriot authorities confirm the local permanent establishment with a tax residency certificate. Banks are also increasingly demanding proof of financial assets, failing which they will close accounts. Seek advice early to avoid problems.\u00a0 Get Free Consultation Now<\/p>","protected":false},"author":1,"featured_media":0,"parent":0,"menu_order":0,"comment_status":"closed","ping_status":"closed","template":"","meta":{"postBodyCss":"","postBodyMargin":[],"postBodyPadding":[],"postBodyBackground":{"backgroundType":"classic","gradient":""},"footnotes":""},"class_list":["post-40","page","type-page","status-publish","hentry"],"_links":{"self":[{"href":"https:\/\/nachzypernauswandern.com\/de\/wp-json\/wp\/v2\/pages\/40","targetHints":{"allow":["GET"]}}],"collection":[{"href":"https:\/\/nachzypernauswandern.com\/de\/wp-json\/wp\/v2\/pages"}],"about":[{"href":"https:\/\/nachzypernauswandern.com\/de\/wp-json\/wp\/v2\/types\/page"}],"author":[{"embeddable":true,"href":"https:\/\/nachzypernauswandern.com\/de\/wp-json\/wp\/v2\/users\/1"}],"replies":[{"embeddable":true,"href":"https:\/\/nachzypernauswandern.com\/de\/wp-json\/wp\/v2\/comments?post=40"}],"version-history":[{"count":10,"href":"https:\/\/nachzypernauswandern.com\/de\/wp-json\/wp\/v2\/pages\/40\/revisions"}],"predecessor-version":[{"id":451,"href":"https:\/\/nachzypernauswandern.com\/de\/wp-json\/wp\/v2\/pages\/40\/revisions\/451"}],"wp:attachment":[{"href":"https:\/\/nachzypernauswandern.com\/de\/wp-json\/wp\/v2\/media?parent=40"}],"curies":[{"name":"wp","href":"https:\/\/api.w.org\/{rel}","templated":true}]}}